{"id":38,"date":"2025-07-17T22:04:41","date_gmt":"2025-07-18T02:04:41","guid":{"rendered":"https:\/\/sikatech-institute.com\/?page_id=38"},"modified":"2026-02-17T21:01:52","modified_gmt":"2026-02-17T20:01:52","slug":"news-events","status":"publish","type":"page","link":"https:\/\/sikatech-institute.com\/fr\/news-events\/","title":{"rendered":"Nouvelles et \u00e9v\u00e9nements"},"content":{"rendered":"<div class=\"et_pb_section_0 et_pb_section et_section_regular et_block_section\">\n<div class=\"et_pb_row_0 et_pb_row et_pb_equal_columns et_block_row\">\n<div class=\"et_pb_column_0 et_pb_column et_pb_column_1_2 et_block_column et_pb_css_mix_blend_mode_passthrough\">\n<div class=\"et_pb_text_0 et_pb_text et_pb_bg_layout_dark et_pb_module et_block_module preset--module--divi-text--c16985e1-e0d6-4022-964d-e2bfc04fa633\"><div class=\"et_pb_text_inner\"><h1>Nouvelles et \u00e9v\u00e9nements<\/h1>\n<\/div><\/div>\n<\/div>\n\n<div class=\"et_pb_column_1 et_pb_column et_pb_column_1_2 et-last-child et_block_column et_pb_column_empty et_pb_css_mix_blend_mode_passthrough\"><\/div>\n<\/div>\n<\/div>\n\n<div class=\"et_pb_section_1 et_pb_section et_section_regular et_flex_section\"><\/div>\n\n<div class=\"et_pb_section_2 et_pb_section et_section_regular et_flex_section\">\n<div class=\"et_pb_row_1 et_pb_row et_flex_row\">\n<div class=\"et_pb_column_2 et_pb_column et_flex_column et_pb_css_mix_blend_mode_passthrough et_flex_column_12_24 et_flex_column_12_24_tablet et_flex_column_24_24_phone\">\n<div class=\"et_pb_text_1 et_pb_text et_pb_bg_layout_light et_pb_module et_block_module\"><div class=\"et_pb_text_inner\"><p><span>SIKATECH a scell\u00e9 l'accr\u00e9ditation acad\u00e9mique de l'Universit\u00e9 d'Ebolowa hier, 28 novembre 2025, en signant le M.O.U. aux c\u00f4t\u00e9s du Recteur de ladite universit\u00e9.<\/span><\/p>\n<\/div><\/div>\n\n<div class=\"et_pb_video_0 et_pb_video et_pb_module et_block_module\"><div class=\"et_pb_video_box\"><video controls><source type=\"video\/mp4\" src=\"https:\/\/sikatech-institute.com\/wp-content\/uploads\/2025\/12\/EBOLOWA_SIGNATURE-DE-CONVENTION-A-LUNIVERSITE-DEBOLOWA-VF2.mp4\" \/><\/video><\/div><div class=\"et_pb_video_overlay lazyload\" style=\"background-image:inherit\" data-bg-image=\"url(https:\/\/sikatech-institute.com\/wp-content\/uploads\/2025\/12\/WhatsApp-Image-2025-11-29-at-04.45.35.jpeg)\"><div class=\"et_pb_video_overlay_hover\"><a class=\"et_pb_video_play\" href=\"#\"><\/a><\/div><\/div><\/div>\n\n<div class=\"et_pb_image_0 et_pb_image et_pb_module et_block_module\"><span class=\"et_pb_image_wrap\"><img decoding=\"async\" data-src=\"https:\/\/sikatech-institute.com\/wp-content\/uploads\/2025\/12\/WhatsApp-Image-2025-11-29-at-04.45.21.jpeg\" width=\"1080\" height=\"720\" data-srcset=\"https:\/\/sikatech-institute.com\/wp-content\/uploads\/2025\/12\/WhatsApp-Image-2025-11-29-at-04.45.21.jpeg 1080w, https:\/\/sikatech-institute.com\/wp-content\/uploads\/2025\/12\/WhatsApp-Image-2025-11-29-at-04.45.21-980x653.jpeg 980w, https:\/\/sikatech-institute.com\/wp-content\/uploads\/2025\/12\/WhatsApp-Image-2025-11-29-at-04.45.21-480x320.jpeg 480w\" data-sizes=\"(min-width: 0px) and (max-width: 480px) 480px, (min-width: 481px) and (max-width: 980px) 980px, (min-width: 981px) 1080px, 100vw\" class=\"wp-image-223164 lazyload\" src=\"data:image\/svg+xml;base64,PHN2ZyB3aWR0aD0iMSIgaGVpZ2h0PSIxIiB4bWxucz0iaHR0cDovL3d3dy53My5vcmcvMjAwMC9zdmciPjwvc3ZnPg==\" style=\"--smush-placeholder-width: 1080px; --smush-placeholder-aspect-ratio: 1080\/720;\" \/><\/span><\/div>\n<\/div>\n\n<div class=\"et_pb_column_3 et_pb_column et-last-child et_flex_column et_pb_css_mix_blend_mode_passthrough et_flex_column_12_24 et_flex_column_12_24_tablet et_flex_column_24_24_phone\">\n<div class=\"et_pb_image_1 et_pb_image et_pb_module et_block_module\"><span class=\"et_pb_image_wrap\"><img decoding=\"async\" data-src=\"https:\/\/sikatech-institute.com\/wp-content\/uploads\/2025\/12\/WhatsApp-Image-2025-11-29-at-04.45.19.jpeg\" width=\"1080\" height=\"720\" data-srcset=\"https:\/\/sikatech-institute.com\/wp-content\/uploads\/2025\/12\/WhatsApp-Image-2025-11-29-at-04.45.19.jpeg 1080w, https:\/\/sikatech-institute.com\/wp-content\/uploads\/2025\/12\/WhatsApp-Image-2025-11-29-at-04.45.19-980x653.jpeg 980w, https:\/\/sikatech-institute.com\/wp-content\/uploads\/2025\/12\/WhatsApp-Image-2025-11-29-at-04.45.19-480x320.jpeg 480w\" data-sizes=\"(min-width: 0px) and (max-width: 480px) 480px, (min-width: 481px) and (max-width: 980px) 980px, (min-width: 981px) 1080px, 100vw\" class=\"wp-image-223166 lazyload\" src=\"data:image\/svg+xml;base64,PHN2ZyB3aWR0aD0iMSIgaGVpZ2h0PSIxIiB4bWxucz0iaHR0cDovL3d3dy53My5vcmcvMjAwMC9zdmciPjwvc3ZnPg==\" style=\"--smush-placeholder-width: 1080px; --smush-placeholder-aspect-ratio: 1080\/720;\" \/><\/span><\/div>\n\n<div class=\"et_pb_image_2 et_pb_image et_pb_module et_block_module\"><span class=\"et_pb_image_wrap\"><img decoding=\"async\" data-src=\"https:\/\/sikatech-institute.com\/wp-content\/uploads\/2025\/12\/WhatsApp-Image-2025-11-29-at-04.45.30.jpeg\" width=\"1080\" height=\"720\" data-srcset=\"https:\/\/sikatech-institute.com\/wp-content\/uploads\/2025\/12\/WhatsApp-Image-2025-11-29-at-04.45.30.jpeg 1080w, https:\/\/sikatech-institute.com\/wp-content\/uploads\/2025\/12\/WhatsApp-Image-2025-11-29-at-04.45.30-980x653.jpeg 980w, https:\/\/sikatech-institute.com\/wp-content\/uploads\/2025\/12\/WhatsApp-Image-2025-11-29-at-04.45.30-480x320.jpeg 480w\" data-sizes=\"(min-width: 0px) and (max-width: 480px) 480px, (min-width: 481px) and (max-width: 980px) 980px, (min-width: 981px) 1080px, 100vw\" class=\"wp-image-223158 lazyload\" src=\"data:image\/svg+xml;base64,PHN2ZyB3aWR0aD0iMSIgaGVpZ2h0PSIxIiB4bWxucz0iaHR0cDovL3d3dy53My5vcmcvMjAwMC9zdmciPjwvc3ZnPg==\" style=\"--smush-placeholder-width: 1080px; --smush-placeholder-aspect-ratio: 1080\/720;\" \/><\/span><\/div>\n<\/div>\n<\/div>\n<\/div>\n\n<div class=\"et_pb_section_3 et_pb_section et_section_regular et_flex_section\"><div class=\"et_pb_row_2 et_pb_row et_flex_row\"><div class=\"et_pb_column_4 et_pb_column et_flex_column et_pb_css_mix_blend_mode_passthrough et_flex_column_12_24 et_flex_column_12_24_tablet et_flex_column_24_24_phone\"><div class=\"et_pb_text_2 et_pb_text et_pb_bg_layout_light et_pb_module et_block_module\"><div class=\"et_pb_text_inner\"><p><span>Le Ministre d'Etat, Ministre de l'Enseignement Sup\u00e9rieur, Prof. Jacques Fame Ndongo \u00e0 SIKATECH \u00e0 l'occasion de la Cr\u00e9ation des Universit\u00e9s Entrepreneuriales dans le secteur priv\u00e9 de l'enseignement sup\u00e9rieur en R\u00e9publique du Cameroun le 24 septembre 2024, au complexe sportif polyvalent de Yaound\u00e9.<\/span><\/p>\n<\/div><\/div><div class=\"et_pb_video_1 et_pb_video et_pb_module et_block_module\"><div class=\"et_pb_video_box\"><video controls><source type=\"video\/mp4\" src=\"https:\/\/sikatech-institute.com\/wp-content\/uploads\/2025\/09\/Ministerial-Visit-to-Sikatech.mp4\" \/><\/video><\/div><\/div><\/div><div class=\"et_pb_column_5 et_pb_column et-last-child et_flex_column et_pb_css_mix_blend_mode_passthrough et_flex_column_12_24 et_flex_column_12_24_tablet et_flex_column_24_24_phone\"><div class=\"et_pb_image_3 et_pb_image et_pb_module et_block_module\"><span class=\"et_pb_image_wrap\"><img decoding=\"async\" data-src=\"https:\/\/sikatech-institute.com\/wp-content\/uploads\/2025\/09\/WhatsApp-Image-2025-09-02-at-17.01.08.jpeg\" width=\"1080\" height=\"810\" data-srcset=\"https:\/\/sikatech-institute.com\/wp-content\/uploads\/2025\/09\/WhatsApp-Image-2025-09-02-at-17.01.08.jpeg 1080w, https:\/\/sikatech-institute.com\/wp-content\/uploads\/2025\/09\/WhatsApp-Image-2025-09-02-at-17.01.08-980x735.jpeg 980w, https:\/\/sikatech-institute.com\/wp-content\/uploads\/2025\/09\/WhatsApp-Image-2025-09-02-at-17.01.08-480x360.jpeg 480w\" data-sizes=\"(min-width: 0px) and (max-width: 480px) 480px, (min-width: 481px) and (max-width: 980px) 980px, (min-width: 981px) 1080px, 100vw\" class=\"wp-image-1926 lazyload\" src=\"data:image\/svg+xml;base64,PHN2ZyB3aWR0aD0iMSIgaGVpZ2h0PSIxIiB4bWxucz0iaHR0cDovL3d3dy53My5vcmcvMjAwMC9zdmciPjwvc3ZnPg==\" style=\"--smush-placeholder-width: 1080px; --smush-placeholder-aspect-ratio: 1080\/810;\" \/><\/span><\/div><\/div><\/div><\/div>\n\n<div class=\"et_pb_section_4 et_pb_section et_section_regular et_block_section\">\n<div class=\"et_pb_row_3 et_pb_row et_block_row\">\n<div class=\"et_pb_column_6 et_pb_column et_pb_column_4_4 et-last-child et_block_column et_pb_css_mix_blend_mode_passthrough\">\n<div class=\"et_pb_blog_0 et_pb_blog et_pb_bg_layout_light et_pb_posts et_pb_module\"><div class=\"et_pb_ajax_pagination_container\"><div class=\"et_pb_posts et_grid_module\"><article class=\"et_pb_post et_pb_post_id_2952 clearfix et_pb_blog_item_0_0 post-2952 post type-post status-publish format-standard has-post-thumbnail hentry category-university-news\"><div class=\"et_pb_image_container\"><a href=\"https:\/\/sikatech-institute.com\/fr\/preparing-for-life-at-sikatech\/\" class=\"entry-featured-image-url\"><img decoding=\"async\" data-src=\"https:\/\/sikatech-institute.com\/wp-content\/uploads\/2025\/09\/IMG_2688-scaled-e1752092211908.jpg\" width=\"400\" height=\"284\" alt=\"Preparing for Life at Sikatech\" data-srcset=\"https:\/\/sikatech-institute.com\/wp-content\/uploads\/2025\/09\/IMG_2688-scaled-e1752092211908.jpg 479w, https:\/\/sikatech-institute.com\/wp-content\/uploads\/2025\/09\/IMG_2688-scaled-e1752092211908-400x284.jpg 480w\" data-sizes=\"(max-width:479px) 479px, 100vw\" src=\"data:image\/svg+xml;base64,PHN2ZyB3aWR0aD0iMSIgaGVpZ2h0PSIxIiB4bWxucz0iaHR0cDovL3d3dy53My5vcmcvMjAwMC9zdmciPjwvc3ZnPg==\" class=\"lazyload\" style=\"--smush-placeholder-width: 400px; --smush-placeholder-aspect-ratio: 400\/284;\" \/><span data-icon=\"\ue050\" class=\"et_overlay et_pb_inline_icon\"><\/span><\/a><\/div><h2 class=\"entry-title\"><a href=\"https:\/\/sikatech-institute.com\/fr\/preparing-for-life-at-sikatech\/\">Se pr\u00e9parer \u00e0 la vie chez Sikatech<\/a><\/h2><p class=\"post-meta\"><span class=\"entry-categories\"><a href=\"https:\/\/sikatech-institute.com\/fr\/category\/university-news\/\" rel=\"tag\">actualit\u00e9s universitaires<\/a><\/span><\/p><div class=\"post-content\"><div class=\"post-content-inner\"><p>Tout tourne autour de votre avenir Commencer votre parcours acad\u00e9mique \u00e0 Sikatech est une \u00e9tape passionnante vers un avenir meilleur. En tant qu'\u00e9tablissement technique visant \u00e0 doter les \u00e9tudiants de comp\u00e9tences pratiques et de connaissances pertinentes pour l'industrie, la r\u00e9ussite ici exige non seulement...<\/p>\n<\/div><a href=\"https:\/\/sikatech-institute.com\/fr\/preparing-for-life-at-sikatech\/\" class=\"more-link\">lire la suite&#8230;<\/a><\/div><\/article><article class=\"et_pb_post et_pb_post_id_2931 clearfix et_pb_blog_item_0_1 post-2931 post type-post status-publish format-standard has-post-thumbnail hentry category-university-news\"><div class=\"et_pb_image_container\"><a href=\"https:\/\/sikatech-institute.com\/fr\/alumni-success-stories\/\" class=\"entry-featured-image-url\"><img decoding=\"async\" data-src=\"https:\/\/sikatech-institute.com\/wp-content\/uploads\/2025\/09\/IMG_4309-scaled-e1753977860475.jpg\" width=\"400\" height=\"284\" alt=\"Alumni Success Stories\" data-srcset=\"https:\/\/sikatech-institute.com\/wp-content\/uploads\/2025\/09\/IMG_4309-scaled-e1753977860475.jpg 479w, https:\/\/sikatech-institute.com\/wp-content\/uploads\/2025\/09\/IMG_4309-scaled-e1753977860475-400x284.jpg 480w\" data-sizes=\"(max-width:479px) 479px, 100vw\" src=\"data:image\/svg+xml;base64,PHN2ZyB3aWR0aD0iMSIgaGVpZ2h0PSIxIiB4bWxucz0iaHR0cDovL3d3dy53My5vcmcvMjAwMC9zdmciPjwvc3ZnPg==\" class=\"lazyload\" style=\"--smush-placeholder-width: 400px; --smush-placeholder-aspect-ratio: 400\/284;\" \/><span data-icon=\"\ue050\" class=\"et_overlay et_pb_inline_icon\"><\/span><\/a><\/div><h2 class=\"entry-title\"><a href=\"https:\/\/sikatech-institute.com\/fr\/alumni-success-stories\/\">R\u00e9ussites d'anciens \u00e9l\u00e8ves<\/a><\/h2><p class=\"post-meta\"><span class=\"entry-categories\"><a href=\"https:\/\/sikatech-institute.com\/fr\/category\/university-news\/\" rel=\"tag\">actualit\u00e9s universitaires<\/a><\/span><\/p><div class=\"post-content\"><div class=\"post-content-inner\"><p>Ma r\u00e9ussite n'est pas le fruit du hasard. \u00c9tudier au Sikatech Institute of Technology a chang\u00e9 la donne pour moi. La formation pratique, le soutien des instructeurs et les programmes ax\u00e9s sur la carri\u00e8re m'ont permis d'acqu\u00e9rir les comp\u00e9tences et la confiance dont j'avais besoin pour prosp\u00e9rer. Aujourd'hui, je dirige ma propre...<\/p>\n<\/div><a href=\"https:\/\/sikatech-institute.com\/fr\/alumni-success-stories\/\" class=\"more-link\">lire la suite&#8230;<\/a><\/div><\/article><article class=\"et_pb_post et_pb_post_id_2924 clearfix et_pb_blog_item_0_2 post-2924 post type-post status-publish format-standard has-post-thumbnail hentry category-university-news\"><div class=\"et_pb_image_container\"><a href=\"https:\/\/sikatech-institute.com\/fr\/life-at-sikatech\/\" class=\"entry-featured-image-url\"><img decoding=\"async\" data-src=\"https:\/\/sikatech-institute.com\/wp-content\/uploads\/2025\/09\/IMG_2738-scaled-e1754091760585.jpg\" width=\"400\" height=\"284\" alt=\"Life at Sikatech\" data-srcset=\"https:\/\/sikatech-institute.com\/wp-content\/uploads\/2025\/09\/IMG_2738-scaled-e1754091760585.jpg 479w, https:\/\/sikatech-institute.com\/wp-content\/uploads\/2025\/09\/IMG_2738-scaled-e1754091760585-400x284.jpg 480w\" data-sizes=\"(max-width:479px) 479px, 100vw\" src=\"data:image\/svg+xml;base64,PHN2ZyB3aWR0aD0iMSIgaGVpZ2h0PSIxIiB4bWxucz0iaHR0cDovL3d3dy53My5vcmcvMjAwMC9zdmciPjwvc3ZnPg==\" class=\"lazyload\" style=\"--smush-placeholder-width: 400px; --smush-placeholder-aspect-ratio: 400\/284;\" \/><span data-icon=\"\ue050\" class=\"et_overlay et_pb_inline_icon\"><\/span><\/a><\/div><h2 class=\"entry-title\"><a href=\"https:\/\/sikatech-institute.com\/fr\/life-at-sikatech\/\">La vie \u00e0 Sikatech<\/a><\/h2><p class=\"post-meta\"><span class=\"entry-categories\"><a href=\"https:\/\/sikatech-institute.com\/fr\/category\/university-news\/\" rel=\"tag\">actualit\u00e9s universitaires<\/a><\/span><\/p><div class=\"post-content\"><div class=\"post-content-inner\"><p>\u00c0 Sikatech, l'\u00e9ducation est plus qu'un simple cours magistral - c'est un voyage immersif et pratique qui pr\u00e9pare les \u00e9tudiants \u00e0 diriger, \u00e0 innover et \u00e0 prosp\u00e9rer. \ud83c\udf93 Un apprentissage qui inspire la confiance La vie \u00e0 l'int\u00e9rieur de la salle de classe de Sikatech est dynamique, pratique et centr\u00e9e sur l'\u00e9tudiant. Que ce soit...<\/p>\n<\/div><a href=\"https:\/\/sikatech-institute.com\/fr\/life-at-sikatech\/\" class=\"more-link\">lire la suite&#8230;<\/a><\/div><\/article><\/div><div class=\"pagination clearfix\">\n\t<div class=\"alignleft\"><\/div>\n\t<div class=\"alignright\"><\/div>\n<\/div><\/div><\/div>\n<\/div>\n<\/div>\n<\/div>\n\n<div class=\"et_pb_section_5 et_pb_section et_section_regular et_block_section\"><\/div>","protected":false},"excerpt":{"rendered":"","protected":false},"author":8,"featured_media":0,"parent":0,"menu_order":0,"comment_status":"closed","ping_status":"closed","template":"","meta":{"_et_pb_use_builder":"on","_et_pb_old_content":"","_et_gb_content_width":"","footnotes":""},"class_list":["post-38","page","type-page","status-publish","hentry"],"_links":{"self":[{"href":"https:\/\/sikatech-institute.com\/fr\/wp-json\/wp\/v2\/pages\/38","targetHints":{"allow":["GET"]}}],"collection":[{"href":"https:\/\/sikatech-institute.com\/fr\/wp-json\/wp\/v2\/pages"}],"about":[{"href":"https:\/\/sikatech-institute.com\/fr\/wp-json\/wp\/v2\/types\/page"}],"author":[{"embeddable":true,"href":"https:\/\/sikatech-institute.com\/fr\/wp-json\/wp\/v2\/users\/8"}],"replies":[{"embeddable":true,"href":"https:\/\/sikatech-institute.com\/fr\/wp-json\/wp\/v2\/comments?post=38"}],"version-history":[{"count":5,"href":"https:\/\/sikatech-institute.com\/fr\/wp-json\/wp\/v2\/pages\/38\/revisions"}],"predecessor-version":[{"id":987500071,"href":"https:\/\/sikatech-institute.com\/fr\/wp-json\/wp\/v2\/pages\/38\/revisions\/987500071"}],"wp:attachment":[{"href":"https:\/\/sikatech-institute.com\/fr\/wp-json\/wp\/v2\/media?parent=38"}],"curies":[{"name":"wp","href":"https:\/\/api.w.org\/{rel}","templated":true}]}}