{"id":28,"date":"2025-07-17T22:02:02","date_gmt":"2025-07-18T02:02:02","guid":{"rendered":"https:\/\/sikatech-institute.com\/?page_id=28"},"modified":"2026-01-17T21:25:42","modified_gmt":"2026-01-18T02:25:42","slug":"fees-tuition","status":"publish","type":"page","link":"https:\/\/sikatech-institute.com\/fr\/fees-tuition\/","title":{"rendered":"Droits et frais de scolarit\u00e9"},"content":{"rendered":"<div class=\"et_pb_section_0 et_pb_section et_section_regular et_block_section\">\r\n\r\n<div class=\"et_pb_row_0 et_pb_row et_block_row\">\r\n\r\n<div class=\"et_pb_column_0 et_pb_column et_pb_column_4_4 et-last-child et_block_column et_pb_css_mix_blend_mode_passthrough\">\r\n\r\n<div class=\"et_pb_heading_0 et_pb_heading et_pb_module et_block_module\"><div class=\"et_pb_heading_container\"><h1 class=\"et_pb_module_header\">Droits et frais de scolarit\u00e9<\/h1><\/div><\/div><\/div><\/div><\/div>\r\n\r\n<div class=\"et_pb_section_1 et_pb_section et_section_regular et_block_section\">\r\n\r\n<div class=\"et_pb_row_1 et_pb_row et_pb_equal_columns et_block_row\">\r\n\r\n<div class=\"et_pb_column_1 et_pb_column et_pb_column_3_5 et_block_column et_pb_css_mix_blend_mode_passthrough\">\r\n\r\n<div class=\"et_pb_heading_1 et_pb_heading et_pb_module et_block_module preset--module--divi-heading--e225e47d-c92e-436a-99de-c2cad9eb4483\"><div class=\"et_pb_heading_container\"><h3 class=\"et_pb_module_header\">\u00c0 propos des frais de scolarit\u00e9<\/h3><\/div><\/div>\r\n\r\n<div class=\"et_pb_text_0 et_pb_text et_pb_bg_layout_light et_pb_module et_block_module preset--module--divi-text--4c43b4b6-66bf-432d-959a-705bda24a650\"><div class=\"et_pb_text_inner\"><p><span>Les frais de scolarit\u00e9 pour les semestres d'automne et de printemps sont approuv\u00e9s lors de la r\u00e9union du conseil d'administration qui se tient en juillet avant le d\u00e9but de l'ann\u00e9e universitaire. Les tarifs des cours d'\u00e9t\u00e9 sont approuv\u00e9s lors de la r\u00e9union du conseil d'administration en f\u00e9vrier avant le d\u00e9but du trimestre. Les dates d'inscription aux cours peuvent \u00eatre consult\u00e9es sur le site Internet de l'universit\u00e9. Voir les dates importantes pour les dates de paiement et autres \u00e9ch\u00e9ances.<\/span><\/p>\n<\/div><\/div>\r\n\r\n<div class=\"et_pb_heading_2 et_pb_heading et_pb_module et_block_module\"><div class=\"et_pb_heading_container\"><h3 class=\"et_pb_module_header\">\u00c9tudiants de premier cycle<\/h3><\/div><\/div>\r\n\r\n<div class=\"et_pb_text_1 et_pb_text et_pb_bg_layout_light et_pb_module et_block_module preset--module--divi-text--4c43b4b6-66bf-432d-959a-705bda24a650\"><div class=\"et_pb_text_inner\"><p><span>Les \u00e9tudiants de premier cycle \u00e0 temps partiel (inscrits pour moins de 12 cr\u00e9dits) ou les \u00e9tudiants de premier cycle inscrits pour plus de 20 cr\u00e9dits au semestre d'automne ou de printemps doivent payer le tarif par cr\u00e9dit en fonction de leur lieu de r\u00e9sidence. Les \u00e9tudiants de premier cycle qui suivent entre 12 et 20 cr\u00e9dits au semestre d'automne ou de printemps doivent s'acquitter d'un tarif forfaitaire. Les frais de scolarit\u00e9 forfaitaires ne sont pas disponibles en \u00e9t\u00e9. Les \u00e9tudiants de premier cycle qui s'inscrivent \u00e0 des cours pendant le semestre d'\u00e9t\u00e9 doivent s'acquitter d'un tarif r\u00e9duit par cr\u00e9dit en fonction de leur lieu de r\u00e9sidence.<\/span><\/p>\n<\/div><\/div>\r\n\r\n<div class=\"et_pb_heading_3 et_pb_heading et_pb_module et_block_module preset--module--divi-heading--e225e47d-c92e-436a-99de-c2cad9eb4483\"><div class=\"et_pb_heading_container\"><h3 class=\"et_pb_module_header\">Possibilit\u00e9s de bourses d'\u00e9tudes<\/h3><\/div><\/div>\r\n\r\n<div class=\"et_pb_text_2 et_pb_text et_pb_bg_layout_light et_pb_module et_block_module preset--module--divi-text--4c43b4b6-66bf-432d-959a-705bda24a650\"><div class=\"et_pb_text_inner\"><p><span>Chez Sikatech, nous nous engageons \u00e0 soutenir l'excellence acad\u00e9mique et \u00e0 veiller \u00e0 ce que les \u00e9tudiants m\u00e9ritants aient acc\u00e8s \u00e0 une \u00e9ducation de qualit\u00e9. Par le biais d'une s\u00e9rie de bourses d'\u00e9tudes, nous souhaitons reconna\u00eetre et r\u00e9compenser les r\u00e9alisations exceptionnelles. D\u00e9couvrez les diff\u00e9rentes bourses disponibles<\/span><\/p>\n<\/div><\/div><\/div>\r\n\r\n<div class=\"et_pb_column_2 et_pb_column et_pb_column_2_5 et-last-child et_block_column et_pb_css_mix_blend_mode_passthrough\">\r\n\r\n<div class=\"et_pb_image_0 et_pb_image et_pb_module et_block_module\"><span class=\"et_pb_image_wrap\"><img decoding=\"async\" data-src=\"https:\/\/sikatech-institute.com\/wp-content\/uploads\/2025\/09\/IMG_4158-scaled-e1753810431196.jpg\" width=\"1920\" height=\"2120\" data-srcset=\"https:\/\/sikatech-institute.com\/wp-content\/uploads\/2025\/09\/IMG_4158-scaled-e1753810431196.jpg 1920w, https:\/\/sikatech-institute.com\/wp-content\/uploads\/2025\/09\/IMG_4158-scaled-e1753810431196-1280x1413.jpg 1280w, https:\/\/sikatech-institute.com\/wp-content\/uploads\/2025\/09\/IMG_4158-scaled-e1753810431196-980x1082.jpg 980w, https:\/\/sikatech-institute.com\/wp-content\/uploads\/2025\/09\/IMG_4158-scaled-e1753810431196-480x530.jpg 480w\" data-sizes=\"(min-width: 0px) and (max-width: 480px) 480px, (min-width: 481px) and (max-width: 980px) 980px, (min-width: 981px) and (max-width: 1280px) 1280px, (min-width: 1281px) 1920px, 100vw\" class=\"wp-image-2023 lazyload\" src=\"data:image\/svg+xml;base64,PHN2ZyB3aWR0aD0iMSIgaGVpZ2h0PSIxIiB4bWxucz0iaHR0cDovL3d3dy53My5vcmcvMjAwMC9zdmciPjwvc3ZnPg==\" style=\"--smush-placeholder-width: 1920px; --smush-placeholder-aspect-ratio: 1920\/2120;\" \/><\/span><\/div>\r\n\r\n<div class=\"et_pb_heading_4 et_pb_heading et_pb_module et_block_module\"><div class=\"et_pb_heading_container\"><h3 class=\"et_pb_module_header\">Obtenir notre derni\u00e8re brochure<\/h3><\/div><\/div>\r\n\r\n<div class=\"et_pb_module et_pb_button_module_wrapper et_pb_button_0_wrapper\"><a class=\"et_pb_button_0 et_pb_button et_pb_bg_layout_light et_pb_module et_block_module\" href=\"\" data-icon=\"G\">T\u00e9l\u00e9charger<\/a><\/div><\/div><\/div><\/div>\r\n\r\n<div class=\"et_pb_section_2 et_pb_section et_section_regular et_block_section\">\r\n\r\n<div class=\"et_pb_row_2 et_pb_row et_block_row\">\r\n\r\n<div class=\"et_pb_column_3 et_pb_column et_pb_column_1_5 et_block_column et_pb_column_empty et_pb_css_mix_blend_mode_passthrough\"><\/div>\r\n\r\n<div class=\"et_pb_column_4 et_pb_column et_pb_column_3_5 et_block_column et_pb_css_mix_blend_mode_passthrough\">\r\n\r\n<div class=\"et_pb_heading_5 et_pb_heading et_pb_module et_block_module\"><div class=\"et_pb_heading_container\"><h1 class=\"et_pb_module_header\">Calendrier acad\u00e9mique 2025 - 2026<\/h1><\/div><\/div>\r\n\r\n<div class=\"et_pb_code_0 et_pb_code et_pb_text_align_center et_pb_module\"><div class=\"et_pb_code_inner\">\n<table id=\"tablepress-2\" class=\"tablepress tablepress-id-2\">\n<thead>\n<tr class=\"row-1\">\n\t<th class=\"column-1\">Descriptions<\/th><th class=\"column-2\">Dates de d\u00e9but<\/th>\n<\/tr>\n<\/thead>\n<tbody class=\"row-striping row-hover\">\n<tr class=\"row-2\">\n\t<td class=\"column-1\">\u00c9tudiants de premi\u00e8re ann\u00e9e<\/td><td class=\"column-2\">13 - octobre 2025<\/td>\n<\/tr>\n<tr class=\"row-3\">\n\t<td class=\"column-1\">\u00c9tudiants de deuxi\u00e8me ann\u00e9e<\/td><td class=\"column-2\">15 - septembre 2025<\/td>\n<\/tr>\n<tr class=\"row-4\">\n\t<td class=\"column-1\">Licence professionnelle<\/td><td class=\"column-2\">27 - octobre 2025<\/td>\n<\/tr>\n<\/tbody>\n<\/table>\n<!-- #tablepress-2 from cache --><\/div><\/div><\/div>\r\n\r\n<div class=\"et_pb_column_5 et_pb_column et_pb_column_1_5 et-last-child et_flex_column et_pb_column_empty et_pb_css_mix_blend_mode_passthrough\"><\/div><\/div>\r\n\r\n<div class=\"et_pb_row_3 et_pb_row et_flex_row\">\r\n\r\n<div class=\"et_pb_column_6 et_pb_column et-last-child et_flex_column et_pb_css_mix_blend_mode_passthrough et_flex_column_24_24 et_flex_column_24_24_tablet et_flex_column_24_24_phone\">\r\n\r\n<div class=\"et_pb_divider_0 et_pb_divider et_pb_space et_pb_divider_position_top et_pb_module\"><div class=\"et_pb_divider_internal\"><\/div><\/div><\/div><\/div><\/div>\r\n\r\n<div class=\"et_pb_section_3 et_pb_section et_section_regular et_block_section\">\r\n\r\n<div class=\"et_pb_row_4 et_pb_row et_block_row\">\r\n\r\n<div class=\"et_pb_column_7 et_pb_column et_pb_column_1_5 et_block_column et_pb_column_empty et_pb_css_mix_blend_mode_passthrough\"><\/div>\r\n\r\n<div class=\"et_pb_column_8 et_pb_column et_pb_column_3_5 et_block_column et_pb_css_mix_blend_mode_passthrough\">\r\n\r\n<div class=\"et_pb_heading_6 et_pb_heading et_pb_module et_block_module\"><div class=\"et_pb_heading_container\"><h1 class=\"et_pb_module_header\">Droits et frais de scolarit\u00e9 : 2025 - 26<\/h1><\/div><\/div>\r\n\r\n<div class=\"et_pb_heading_7 et_pb_heading et_pb_module et_block_module\"><div class=\"et_pb_heading_container\"><h3 class=\"et_pb_module_header\">BTS \/HND - ( Cours du jour et du soir )<\/h3><\/div><\/div><\/div>\r\n\r\n<div class=\"et_pb_column_9 et_pb_column et_pb_column_1_5 et-last-child et_flex_column et_pb_column_empty et_pb_css_mix_blend_mode_passthrough\"><\/div><\/div>\r\n\r\n<div class=\"et_pb_row_5 et_pb_row et_flex_row\">\r\n\r\n<div class=\"et_pb_column_10 et_pb_column et-last-child et_flex_column et_pb_css_mix_blend_mode_passthrough et_flex_column_24_24 et_flex_column_24_24_tablet et_flex_column_24_24_phone\">\r\n\r\n<div class=\"et_pb_tabs_0 et_pb_tabs et_pb_module\"><ul class=\"et_pb_tabs_controls clearfix\"><li class=\"et_pb_tab_nav_item_0 et_pb_tab_nav_item et_pb_tab_0 et_pb_tab_active\"><a class=\"et_pb_tab_nav_item_link\" href=\"#\">Cours de technologie industrielle<\/a><\/li><li class=\"et_pb_tab_nav_item_1 et_pb_tab_nav_item et_pb_tab_1\"><a class=\"et_pb_tab_nav_item_link\" href=\"#\">Cours de commerce, de finance et de gestion<\/a><\/li><\/ul><div class=\"et_pb_all_tabs\">\r\n\r\n<div class=\"et_pb_tab_0 et_pb_tab clearfix et_pb_active_content et_pb_module et_block_module\"><div class=\"et_pb_tab_content\"><h2 id=\"tablepress-1-name\" class=\"tablepress-table-name tablepress-table-name-id-1\">Droits d'inscription pour les cours industriels BTS \/ HND<\/h2>\n\n<table id=\"tablepress-1\" class=\"tablepress tablepress-id-1\" aria-labelledby=\"tablepress-1-name\">\n<thead>\n<tr class=\"row-1\">\n\t<th class=\"column-1\">FRAIS D'INSCRIPTION<\/th><th class=\"column-2\">TUITION<\/th><th colspan=\"3\" class=\"column-3\">INSTALLATIONS<\/th>\n<\/tr>\n<\/thead>\n<tbody class=\"row-striping row-hover\">\n<tr class=\"row-2\">\n\t<td class=\"column-1\">50.000 Frs ( Inscription)<\/td><td class=\"column-2\">450.000 Frs.<\/td><td class=\"column-3\">1er versement ( octobre)<\/td><td class=\"column-4\">2\u00e8me. Versement ( d\u00e9cembre)<\/td><td class=\"column-5\">3\u00e8me. tranche (f\u00e9vrier)<\/td>\n<\/tr>\n<tr class=\"row-3\">\n\t<td class=\"column-1\">15.000 Frs. ( Uniforme )<\/td><td class=\"column-2\"><\/td><td class=\"column-3\">250.000 Frs.<\/td><td class=\"column-4\">150.000 Frs.<\/td><td class=\"column-5\">50.000 Frs.<\/td>\n<\/tr>\n<\/tbody>\n<\/table>\n<!-- #tablepress-1 from cache -->\n<\/div><\/div>\r\n\r\n<div class=\"et_pb_tab_1 et_pb_tab clearfix et_pb_module et_block_module\"><div class=\"et_pb_tab_content\"><h2 id=\"tablepress-10-name\" class=\"tablepress-table-name tablepress-table-name-id-10\">Cours de gestion d'entreprise - BTS \/ HND<\/h2>\n\n<table id=\"tablepress-10\" class=\"tablepress tablepress-id-10\" aria-labelledby=\"tablepress-10-name\">\n<thead>\n<tr class=\"row-1\">\n\t<th class=\"column-1\">FRAIS D'INSCRIPTION<\/th><th class=\"column-2\">TUITION<\/th><th colspan=\"3\" class=\"column-3\">INSTALLATIONS<\/th>\n<\/tr>\n<\/thead>\n<tbody class=\"row-striping row-hover\">\n<tr class=\"row-2\">\n\t<td class=\"column-1\">50 000 Frs. ( Enregistrement<\/td><td class=\"column-2\">400.000 Frs<\/td><td class=\"column-3\">1er versement ( octobre )<\/td><td class=\"column-4\">2\u00e8me tranche ( d\u00e9cembre)<\/td><td class=\"column-5\">3\u00e8me tranche (f\u00e9vrier)<\/td>\n<\/tr>\n<tr class=\"row-3\">\n\t<td class=\"column-1\">15.000 Frs. ( Uniforme)<\/td><td class=\"column-2\"><\/td><td class=\"column-3\">200 000 Frs<\/td><td class=\"column-4\">150.000 Frs.<\/td><td class=\"column-5\">50 000 Frs<\/td>\n<\/tr>\n<\/tbody>\n<\/table>\n<!-- #tablepress-10 from cache -->\n<\/div><\/div><\/div><\/div><\/div><\/div><\/div>\r\n\r\n<div class=\"et_pb_section_4 et_pb_section et_section_regular et_block_section\">\r\n\r\n<div class=\"et_pb_row_6 et_pb_row et_block_row\">\r\n\r\n<div class=\"et_pb_column_11 et_pb_column et_pb_column_1_5 et_block_column et_pb_column_empty et_pb_css_mix_blend_mode_passthrough\"><\/div>\r\n\r\n<div class=\"et_pb_column_12 et_pb_column et_pb_column_3_5 et_block_column et_pb_css_mix_blend_mode_passthrough\">\r\n\r\n<div class=\"et_pb_heading_8 et_pb_heading et_pb_module et_block_module\"><div class=\"et_pb_heading_container\"><h3 class=\"et_pb_module_header\">BACHELORS DEGREE - ( Cours du soir \/ en ligne )<\/h3><\/div><\/div><\/div>\r\n\r\n<div class=\"et_pb_column_13 et_pb_column et_pb_column_1_5 et-last-child et_flex_column et_pb_column_empty et_pb_css_mix_blend_mode_passthrough\"><\/div><\/div>\r\n\r\n<div class=\"et_pb_row_7 et_pb_row et_flex_row\">\r\n\r\n<div class=\"et_pb_column_14 et_pb_column et-last-child et_flex_column et_pb_css_mix_blend_mode_passthrough et_flex_column_24_24 et_flex_column_24_24_tablet et_flex_column_24_24_phone\">\r\n\r\n<div class=\"et_pb_tabs_1 et_pb_tabs et_pb_module\"><ul class=\"et_pb_tabs_controls clearfix\"><li class=\"et_pb_tab_nav_item_2 et_pb_tab_nav_item et_pb_tab_2 et_pb_tab_active\"><a class=\"et_pb_tab_nav_item_link\" href=\"#\">Cours de technologie industrielle<\/a><\/li><li class=\"et_pb_tab_nav_item_3 et_pb_tab_nav_item et_pb_tab_3\"><a class=\"et_pb_tab_nav_item_link\" href=\"#\">Cours de commerce, de finance et de gestion<\/a><\/li><\/ul><div class=\"et_pb_all_tabs\">\r\n\r\n<div class=\"et_pb_tab_2 et_pb_tab clearfix et_pb_active_content et_pb_module et_block_module\"><div class=\"et_pb_tab_content\"><h2 id=\"tablepress-9-name\" class=\"tablepress-table-name tablepress-table-name-id-9\">Cours industriels. B-TECH<\/h2>\n\n<table id=\"tablepress-9\" class=\"tablepress tablepress-id-9\" aria-labelledby=\"tablepress-9-name\">\n<thead>\n<tr class=\"row-1\">\n\t<th class=\"column-1\">FRAIS D'INSCRIPTION<\/th><th class=\"column-2\">TUITION<\/th><th colspan=\"3\" class=\"column-3\">INSTALLATIONS<\/th>\n<\/tr>\n<\/thead>\n<tbody class=\"row-striping row-hover\">\n<tr class=\"row-2\">\n\t<td class=\"column-1\">75.000 Frs ( Inscription)<\/td><td class=\"column-2\">650.000 Frs.<\/td><td class=\"column-3\">1er versement ( octobre)<\/td><td class=\"column-4\">2\u00e8me. Versement ( d\u00e9cembre)<\/td><td class=\"column-5\">3\u00e8me. tranche (f\u00e9vrier)<\/td>\n<\/tr>\n<tr class=\"row-3\">\n\t<td class=\"column-1\"><\/td><td class=\"column-2\"><\/td><td class=\"column-3\">350.000 Frs.<\/td><td class=\"column-4\">200.000 Frs.<\/td><td class=\"column-5\">100.000 Frs.<\/td>\n<\/tr>\n<\/tbody>\n<\/table>\n<!-- #tablepress-9 from cache -->\n<\/div><\/div>\r\n\r\n<div class=\"et_pb_tab_3 et_pb_tab clearfix et_pb_module et_block_module\"><div class=\"et_pb_tab_content\"><h2 id=\"tablepress-8-name\" class=\"tablepress-table-name tablepress-table-name-id-8\">Classes de gestion d'entreprise - BSc \/ Licence<\/h2>\n\n<table id=\"tablepress-8\" class=\"tablepress tablepress-id-8\" aria-labelledby=\"tablepress-8-name\">\n<thead>\n<tr class=\"row-1\">\n\t<th class=\"column-1\">FRAIS D'INSCRIPTION<\/th><th class=\"column-2\">TUITION<\/th><th colspan=\"3\" class=\"column-3\">INSTALLATIONS<\/th>\n<\/tr>\n<\/thead>\n<tbody class=\"row-striping row-hover\">\n<tr class=\"row-2\">\n\t<td class=\"column-1\">75 000 Frs. ( Enregistrement<\/td><td class=\"column-2\">600 000 Frs<\/td><td class=\"column-3\">1er versement ( octobre )<\/td><td class=\"column-4\">2\u00e8me tranche ( d\u00e9cembre)<\/td><td class=\"column-5\">3\u00e8me tranche (f\u00e9vrier)<\/td>\n<\/tr>\n<tr class=\"row-3\">\n\t<td class=\"column-1\"><\/td><td class=\"column-2\"><\/td><td class=\"column-3\">300 000 Frs<\/td><td class=\"column-4\">200.000 Frs.<\/td><td class=\"column-5\">100 000 Frs<\/td>\n<\/tr>\n<\/tbody>\n<\/table>\n<!-- #tablepress-8 from cache -->\n<\/div><\/div><\/div><\/div><\/div><\/div><\/div>\r\n\r\n<div class=\"et_pb_section_5 et_pb_section et_section_regular et_block_section\"><\/div>\r\n\r\n<div class=\"et_pb_section_6 et_pb_section et_section_regular et_block_section\"><\/div>","protected":false},"excerpt":{"rendered":"","protected":false},"author":8,"featured_media":0,"parent":0,"menu_order":0,"comment_status":"closed","ping_status":"closed","template":"","meta":{"_et_pb_use_builder":"on","_et_pb_old_content":"","_et_gb_content_width":"","footnotes":""},"class_list":["post-28","page","type-page","status-publish","hentry"],"_links":{"self":[{"href":"https:\/\/sikatech-institute.com\/fr\/wp-json\/wp\/v2\/pages\/28","targetHints":{"allow":["GET"]}}],"collection":[{"href":"https:\/\/sikatech-institute.com\/fr\/wp-json\/wp\/v2\/pages"}],"about":[{"href":"https:\/\/sikatech-institute.com\/fr\/wp-json\/wp\/v2\/types\/page"}],"author":[{"embeddable":true,"href":"https:\/\/sikatech-institute.com\/fr\/wp-json\/wp\/v2\/users\/8"}],"replies":[{"embeddable":true,"href":"https:\/\/sikatech-institute.com\/fr\/wp-json\/wp\/v2\/comments?post=28"}],"version-history":[{"count":5,"href":"https:\/\/sikatech-institute.com\/fr\/wp-json\/wp\/v2\/pages\/28\/revisions"}],"predecessor-version":[{"id":238281,"href":"https:\/\/sikatech-institute.com\/fr\/wp-json\/wp\/v2\/pages\/28\/revisions\/238281"}],"wp:attachment":[{"href":"https:\/\/sikatech-institute.com\/fr\/wp-json\/wp\/v2\/media?parent=28"}],"curies":[{"name":"wp","href":"https:\/\/api.w.org\/{rel}","templated":true}]}}