{"id":2426,"date":"2025-10-21T14:48:18","date_gmt":"2025-10-21T18:48:18","guid":{"rendered":"https:\/\/sikatech-institute.com\/?page_id=2426"},"modified":"2025-11-01T14:19:39","modified_gmt":"2025-11-01T18:19:39","slug":"academic-calendar","status":"publish","type":"page","link":"https:\/\/sikatech-institute.com\/fr\/academic-calendar\/","title":{"rendered":"Calendrier acad\u00e9mique"},"content":{"rendered":"<div class=\"et_pb_section_0 et_pb_section et_section_regular et_block_section preset--module--divi-section--f2212392-b96a-4227-9b9d-7fc75c71ed21\">\n<div class=\"et_pb_row_0 et_pb_row et_block_row preset--module--divi-row--1558413a-cabc-43ae-aee1-915e11673859\">\n<div class=\"et_pb_column_0 et_pb_column et_pb_column_4_4 et-last-child et_block_column et_pb_css_mix_blend_mode_passthrough\">\n<div class=\"et_pb_heading_0 et_pb_heading et_pb_module et_flex_module preset--module--divi-heading--a234c78d-a693-48de-badc-1e0490d74382\"><div class=\"et_pb_heading_container\"><h1 class=\"et_pb_module_header\">Calendrier acad\u00e9mique<\/h1><\/div><\/div>\n<\/div>\n<\/div>\n<\/div>\n\n<div class=\"et_pb_section_1 et_pb_section et_section_regular et_block_section\">\n<div class=\"et_pb_row_1 et_pb_row et_block_row preset--module--divi-row--1558413a-cabc-43ae-aee1-915e11673859\">\n<div class=\"et_pb_column_1 et_pb_column et_pb_column_4_4 et-last-child et_block_column et_pb_css_mix_blend_mode_passthrough\">\n<div class=\"et_pb_heading_1 et_pb_heading et_pb_module et_flex_module\"><div class=\"et_pb_heading_container\"><h2 class=\"et_pb_module_header\">Calendrier acad\u00e9mique 2025 - 2026<\/h2><\/div><\/div>\n<\/div>\n<\/div>\n\n<div class=\"et_pb_row_2 et_pb_row et_pb_gutters2 et_block_row preset--module--divi-row--1558413a-cabc-43ae-aee1-915e11673859\">\n<div class=\"et_pb_column_2 et_pb_column et_pb_column_1_5 et_block_column et_pb_column_empty et_pb_css_mix_blend_mode_passthrough\"><\/div>\n\n<div class=\"et_pb_column_3 et_pb_column et_pb_column_3_5 et_block_column et_pb_css_mix_blend_mode_passthrough\">\n<div class=\"et_pb_code_0 et_pb_code et_pb_text_align_center et_pb_module\"><div class=\"et_pb_code_inner\">\n<table id=\"tablepress-2\" class=\"tablepress tablepress-id-2\">\n<thead>\n<tr class=\"row-1\">\n\t<th class=\"column-1\">Descriptions<\/th><th class=\"column-2\">Dates de d\u00e9but<\/th>\n<\/tr>\n<\/thead>\n<tbody class=\"row-striping row-hover\">\n<tr class=\"row-2\">\n\t<td class=\"column-1\">\u00c9tudiants de premi\u00e8re ann\u00e9e<\/td><td class=\"column-2\">13 - octobre 2025<\/td>\n<\/tr>\n<tr class=\"row-3\">\n\t<td class=\"column-1\">\u00c9tudiants de deuxi\u00e8me ann\u00e9e<\/td><td class=\"column-2\">15 - septembre 2025<\/td>\n<\/tr>\n<tr class=\"row-4\">\n\t<td class=\"column-1\">Licence professionnelle<\/td><td class=\"column-2\">27 - octobre 2025<\/td>\n<\/tr>\n<\/tbody>\n<\/table>\n<!-- #tablepress-2 from cache --><\/div><\/div>\n<\/div>\n\n<div class=\"et_pb_column_4 et_pb_column et_pb_column_1_5 et-last-child et_block_column et_pb_column_empty et_pb_css_mix_blend_mode_passthrough\"><\/div>\n<\/div>\n<\/div>\n\n<div class=\"et_pb_section_2 et_pb_section et_section_regular et_block_section\">\n<div class=\"et_pb_row_3 et_pb_row et_pb_row_4col et-vb-row--no-module et_pb_gutters1 et_block_row et_block_row_4col\">\n<div class=\"et_pb_column_5 et_pb_column et_pb_column_1_4 et_block_column et_pb_column_empty et_pb_css_mix_blend_mode_passthrough preset--module--divi-column--09c39b1b-cf1e-46ea-8dec-4bd38eaeee3d\"><\/div>\n\n<div class=\"et_pb_column_6 et_pb_column et_pb_column_1_4 et_block_column et_pb_column_empty et_pb_css_mix_blend_mode_passthrough preset--module--divi-column--09c39b1b-cf1e-46ea-8dec-4bd38eaeee3d\"><\/div>\n\n<div class=\"et_pb_column_7 et_pb_column et_pb_column_1_4 et_block_column et_pb_column_empty et_pb_css_mix_blend_mode_passthrough preset--module--divi-column--09c39b1b-cf1e-46ea-8dec-4bd38eaeee3d\"><\/div>\n\n<div class=\"et_pb_column_8 et_pb_column et_pb_column_1_4 et-last-child et_block_column et_pb_column_empty et_pb_css_mix_blend_mode_passthrough preset--module--divi-column--09c39b1b-cf1e-46ea-8dec-4bd38eaeee3d\"><\/div>\n<\/div>\n<\/div>\n\n<div class=\"et_pb_section_3 et_pb_section et_section_regular et_block_section\">\n<div class=\"et_pb_row_4 et_pb_row et_block_row preset--module--divi-row--1558413a-cabc-43ae-aee1-915e11673859\">\n<div class=\"et_pb_column_9 et_pb_column et_pb_column_4_4 et-last-child et_block_column et_pb_css_mix_blend_mode_passthrough\">\n<div class=\"et_pb_heading_2 et_pb_heading et_pb_module et_flex_module preset--module--divi-heading--4eb153cd-eac9-4d3a-9bc5-a7e8c06029b6\"><div class=\"et_pb_heading_container\"><h2 class=\"et_pb_module_header\">Programmes et cours<\/h2><\/div><\/div>\n<\/div>\n<\/div>\n<\/div>\n\n<div class=\"et_pb_section_4 et_pb_section et_section_regular et_block_section\">\n<div class=\"et_pb_row_5 et_pb_row et_block_row preset--module--divi-row--1558413a-cabc-43ae-aee1-915e11673859\">\n<div class=\"et_pb_column_10 et_pb_column et_pb_column_4_4 et-last-child et_block_column et_pb_css_mix_blend_mode_passthrough\">\n<div class=\"et_pb_tabs_0 et_pb_tabs et_pb_module\"><ul class=\"et_pb_tabs_controls clearfix\"><li class=\"et_pb_tab_nav_item_0 et_pb_tab_nav_item et_pb_tab_0 et_pb_tab_active\"><a class=\"et_pb_tab_nav_item_link\" href=\"#\">Semestre 1 (oct-2025 - mars 2026)<\/a><\/li><li class=\"et_pb_tab_nav_item_1 et_pb_tab_nav_item et_pb_tab_1\"><a class=\"et_pb_tab_nav_item_link\" href=\"#\">Semestre 2 (mars 2026- juin 2026)<\/a><\/li><\/ul><div class=\"et_pb_all_tabs\">\n<div class=\"et_pb_tab_0 et_pb_tab clearfix et_pb_active_content et_pb_module et_flex_module\"><div class=\"et_pb_tab_content et_flex_module\">\n<table id=\"tablepress-4\" class=\"tablepress tablepress-id-4\">\n<thead>\n<tr class=\"row-1\">\n\t<th class=\"column-1\">Date<\/th><th class=\"column-2\">Semestre<\/th><th class=\"column-3\">Cat\u00e9gorie<\/th><th class=\"column-4\">\u00c9v\u00e9nement<\/th>\n<\/tr>\n<\/thead>\n<tbody class=\"row-striping row-hover\">\n<tr class=\"row-2\">\n\t<td class=\"column-1\">2025-10-13<\/td><td class=\"column-2\">S1<\/td><td class=\"column-3\">Acad\u00e9mique<\/td><td class=\"column-4\">D\u00e9but du semestre 1<\/td>\n<\/tr>\n<tr class=\"row-3\">\n\t<td class=\"column-1\">2025-10-15<\/td><td class=\"column-2\">S1<\/td><td class=\"column-3\">Acad\u00e9mique<\/td><td class=\"column-4\">Orientation des nouveaux \u00e9tudiants<\/td>\n<\/tr>\n<tr class=\"row-4\">\n\t<td class=\"column-1\">2025-10-19<\/td><td class=\"column-2\">S1<\/td><td class=\"column-3\">Administratif<\/td><td class=\"column-4\">Frais de scolarit\u00e9 phase 1 dus (40%)<\/td>\n<\/tr>\n<tr class=\"row-5\">\n\t<td class=\"column-1\">2025-10-20<\/td><td class=\"column-2\">S1<\/td><td class=\"column-3\">Administratif<\/td><td class=\"column-4\">Date limite d'inscription et de radiation<\/td>\n<\/tr>\n<tr class=\"row-6\">\n\t<td class=\"column-1\">2025-12-03<\/td><td class=\"column-2\">S1<\/td><td class=\"column-3\">Acad\u00e9mique<\/td><td class=\"column-4\">D\u00e9but des examens de mi-parcours<\/td>\n<\/tr>\n<tr class=\"row-7\">\n\t<td class=\"column-1\">2025-12-07<\/td><td class=\"column-2\">S1<\/td><td class=\"column-3\">Acad\u00e9mique<\/td><td class=\"column-4\">Examens de mi-parcours Fin<\/td>\n<\/tr>\n<\/tbody>\n<\/table>\n<!-- #tablepress-4 from cache -->\n<\/div><\/div>\n\n<div class=\"et_pb_tab_1 et_pb_tab clearfix et_pb_module et_flex_module\"><div class=\"et_pb_tab_content et_flex_module\">\n<table id=\"tablepress-3\" class=\"tablepress tablepress-id-3\">\n<thead>\n<tr class=\"row-1\">\n\t<th class=\"column-1\">Date<\/th><th class=\"column-2\">Semestre<\/th><th class=\"column-3\">Cat\u00e9gorie<\/th><th class=\"column-4\">\u00c9v\u00e9nement<\/th>\n<\/tr>\n<\/thead>\n<tbody class=\"row-striping row-hover\">\n<tr class=\"row-2\">\n\t<td class=\"column-1\">2026-03-01<\/td><td class=\"column-2\">S2<\/td><td class=\"column-3\">Acad\u00e9mique<\/td><td class=\"column-4\">D\u00e9but du semestre 2 - Inscription obligatoire<\/td>\n<\/tr>\n<tr class=\"row-3\">\n\t<td class=\"column-1\">2026-03-10<\/td><td class=\"column-2\">S2<\/td><td class=\"column-3\">Administratif<\/td><td class=\"column-4\">Frais de scolarit\u00e9 phase 2 dus (30%)<\/td>\n<\/tr>\n<tr class=\"row-4\">\n\t<td class=\"column-1\">2026-04-05<\/td><td class=\"column-2\">S2<\/td><td class=\"column-3\">Acad\u00e9mique<\/td><td class=\"column-4\">Publication du calendrier des examens de mi-parcours<\/td>\n<\/tr>\n<tr class=\"row-5\">\n\t<td class=\"column-1\">2026-05-10<\/td><td class=\"column-2\">S2<\/td><td class=\"column-3\">Acad\u00e9mique<\/td><td class=\"column-4\">D\u00e9but des \u00e9valuations finales du semestre 2<\/td>\n<\/tr>\n<\/tbody>\n<\/table>\n<!-- #tablepress-3 from cache -->\n<\/div><\/div>\n<\/div><\/div>\n<\/div>\n<\/div>\n<\/div>\n\n<div class=\"et_pb_section_5 et_pb_section et_section_regular et_block_section\"><\/div>\n\n<div class=\"et_pb_section_6 et_pb_section et_section_regular et_block_section\">\n<div class=\"et_pb_row_6 et_pb_row et_block_row preset--module--divi-row--1558413a-cabc-43ae-aee1-915e11673859\">\n<div class=\"et_pb_column_11 et_pb_column et_pb_column_4_4 et-last-child et_block_column et_pb_css_mix_blend_mode_passthrough\">\n<div class=\"et_pb_code_1 et_pb_code et_pb_module\"><div class=\"et_pb_code_inner\"><div id=\"sps_9e3107c3-785b-4814-8c0c-7ca995bf7768\" class=\"sps-root\"><\/div><\/div><\/div>\n<\/div>\n<\/div>\n<\/div>\n\n<div class=\"et_pb_section_7 et_pb_section et_section_regular et_block_section\"><\/div>","protected":false},"excerpt":{"rendered":"","protected":false},"author":8,"featured_media":0,"parent":0,"menu_order":0,"comment_status":"closed","ping_status":"closed","template":"","meta":{"_et_pb_use_builder":"on","_et_pb_old_content":"","_et_gb_content_width":"","footnotes":""},"class_list":["post-2426","page","type-page","status-publish","hentry"],"_links":{"self":[{"href":"https:\/\/sikatech-institute.com\/fr\/wp-json\/wp\/v2\/pages\/2426","targetHints":{"allow":["GET"]}}],"collection":[{"href":"https:\/\/sikatech-institute.com\/fr\/wp-json\/wp\/v2\/pages"}],"about":[{"href":"https:\/\/sikatech-institute.com\/fr\/wp-json\/wp\/v2\/types\/page"}],"author":[{"embeddable":true,"href":"https:\/\/sikatech-institute.com\/fr\/wp-json\/wp\/v2\/users\/8"}],"replies":[{"embeddable":true,"href":"https:\/\/sikatech-institute.com\/fr\/wp-json\/wp\/v2\/comments?post=2426"}],"version-history":[{"count":5,"href":"https:\/\/sikatech-institute.com\/fr\/wp-json\/wp\/v2\/pages\/2426\/revisions"}],"predecessor-version":[{"id":2910,"href":"https:\/\/sikatech-institute.com\/fr\/wp-json\/wp\/v2\/pages\/2426\/revisions\/2910"}],"wp:attachment":[{"href":"https:\/\/sikatech-institute.com\/fr\/wp-json\/wp\/v2\/media?parent=2426"}],"curies":[{"name":"wp","href":"https:\/\/api.w.org\/{rel}","templated":true}]}}