{"id":238653,"date":"2026-01-28T05:00:16","date_gmt":"2026-01-28T04:00:16","guid":{"rendered":"https:\/\/sikatech-institute.com\/?page_id=238653"},"modified":"2026-01-28T06:15:54","modified_gmt":"2026-01-28T05:15:54","slug":"admission_process","status":"publish","type":"page","link":"https:\/\/sikatech-institute.com\/fr\/admission_process\/","title":{"rendered":"Processus d'admission"},"content":{"rendered":"<div class=\"et_pb_section_0 et_pb_section et_section_regular et_flex_section preset--module--divi-section--f2212392-b96a-4227-9b9d-7fc75c71ed21\">\r\n\r\n<div class=\"et_pb_row_0 et_pb_row et_block_row preset--module--divi-row--1558413a-cabc-43ae-aee1-915e11673859\">\r\n\r\n<div class=\"et_pb_column_0 et_pb_column et_pb_column_4_4 et-last-child et_block_column et_pb_css_mix_blend_mode_passthrough\">\r\n\r\n<div class=\"et_pb_heading_0 et_pb_heading et_pb_module et_block_module preset--module--divi-heading--a234c78d-a693-48de-badc-1e0490d74382\"><div class=\"et_pb_heading_container\"><\/div><\/div><\/div><\/div><\/div>\r\n\r\n<div class=\"et_pb_section_1 et_pb_section et_section_regular et_block_section\"><\/div>\r\n\r\n<div class=\"et_pb_section_2 et_pb_section et_section_regular et_block_section\">\r\n\r\n<div class=\"et_pb_row_1 et_pb_row et_block_row\">\r\n\r\n<div class=\"et_pb_column_1 et_pb_column et_pb_column_4_4 et-last-child et_block_column et_pb_css_mix_blend_mode_passthrough\">\r\n\r\n<div class=\"et_pb_heading_1 et_pb_heading et_pb_module et_block_module\"><div class=\"et_pb_heading_container\"><h1 class=\"et_pb_module_header\">Conditions d'admission<\/h1><\/div><\/div><\/div><\/div>\r\n\r\n<div class=\"et_pb_row_2 et_pb_row et_flex_row\">\r\n\r\n<div class=\"et_pb_column_2 et_pb_column et-last-child et_flex_column et_pb_css_mix_blend_mode_passthrough et_flex_column_24_24 et_flex_column_24_24_tablet et_flex_column_24_24_phone\">\r\n\r\n<div class=\"et_pb_divider_0 et_pb_divider et_pb_space et_pb_divider_position_top et_pb_module\"><div class=\"et_pb_divider_internal\"><\/div><\/div><\/div><\/div>\r\n\r\n<div class=\"et_pb_row_3 et_pb_row et_flex_row\">\r\n\r\n<div class=\"et_pb_column_3 et_pb_column et_flex_column et_pb_css_mix_blend_mode_passthrough et_flex_column_8_24 et_flex_column_8_24_tablet et_flex_column_24_24_phone\">\r\n\r\n<div class=\"et_pb_blurb_0 et_pb_blurb et_pb_bg_layout_light et_pb_blurb_position_top et_pb_module et_block_module\"><div class=\"et_pb_blurb_content\"><div class=\"et_pb_main_blurb_image\"><span class=\"et_pb_image_wrap\"><span class=\"et-pb-icon\">\uf51c<\/span><\/span><\/div><div class=\"et_pb_blurb_container\"><h3 class=\"et_pb_module_header\">BTS. Conditions d'obtention du Brevet de Technicien Sup\u00e9rieur<\/h3><div class=\"et_pb_blurb_description\"><ul>\n<li>Un formulaire de demande d\u00fbment rempli<\/li>\n<li>Photocopie du dipl\u00f4me de fin d'\u00e9tudes secondaires ou du baccalaur\u00e9at.<\/li>\n<li>Photocopie de l'acte de naissance<\/li>\n<li>2 demi photos d'identit\u00e9<\/li>\n<\/ul>\n<\/div><\/div><\/div><\/div><\/div>\r\n\r\n<div class=\"et_pb_column_4 et_pb_column et_flex_column et_pb_css_mix_blend_mode_passthrough et_flex_column_8_24 et_flex_column_8_24_tablet et_flex_column_24_24_phone\">\r\n\r\n<div class=\"et_pb_blurb_1 et_pb_blurb et_pb_bg_layout_light et_pb_blurb_position_top et_pb_module et_block_module\"><div class=\"et_pb_blurb_content\"><div class=\"et_pb_main_blurb_image\"><span class=\"et_pb_image_wrap\"><span class=\"et-pb-icon\">\uf19d<\/span><\/span><\/div><div class=\"et_pb_blurb_container\"><h3 class=\"et_pb_module_header\">LICENCE PRO - Conditions d'obtention du Licence Pro<\/h3><div class=\"et_pb_blurb_description\"><ul>\n<li>Formulaire de demande<\/li>\n<li>Copie certifi\u00e9e conforme du dipl\u00f4me A\/L ou de son \u00e9quivalence<\/li>\n<li>Copie certifi\u00e9e conforme du dipl\u00f4me de fin d'\u00e9tudes secondaires ou de son \u00e9quivalence.<\/li>\n<li>Copie certifi\u00e9e conforme de l'acte de naissance<\/li>\n<li>2 demi photos d'identit\u00e9<\/li>\n<\/ul>\n<\/div><\/div><\/div><\/div><\/div>\r\n\r\n<div class=\"et_pb_column_5 et_pb_column et-last-child et_flex_column et_pb_css_mix_blend_mode_passthrough et_flex_column_8_24 et_flex_column_8_24_tablet et_flex_column_24_24_phone\">\r\n\r\n<div class=\"et_pb_blurb_2 et_pb_blurb et_pb_bg_layout_light et_pb_blurb_position_top et_pb_module et_block_module\"><div class=\"et_pb_blurb_content\"><div class=\"et_pb_main_blurb_image\"><span class=\"et_pb_image_wrap\"><span class=\"et-pb-icon\">\uf501<\/span><\/span><\/div><div class=\"et_pb_blurb_container\"><h3 class=\"et_pb_module_header\">Conditions d'obtention du dipl\u00f4me<\/h3><div class=\"et_pb_blurb_description\"><ul>\n<li>Les candidats doivent \u00eatre titulaires d'une licence d\u00e9livr\u00e9e par un \u00e9tablissement accr\u00e9dit\u00e9, avec une moyenne g\u00e9n\u00e9rale d'au moins 3,2.<\/li>\n<li>Une exp\u00e9rience professionnelle sera un atout suppl\u00e9mentaire.<\/li>\n<\/ul>\n<\/div><\/div><\/div><\/div><\/div><\/div><\/div>\r\n\r\n<div class=\"et_pb_section_3 et_pb_section et_section_regular et_block_section\">\r\n\r\n<div class=\"et_pb_row_4 et_pb_row et_flex_row\">\r\n\r\n<div class=\"et_pb_column_6 et_pb_column et-last-child et_flex_column et_pb_css_mix_blend_mode_passthrough et_flex_column_24_24 et_flex_column_24_24_tablet et_flex_column_24_24_phone\">\r\n\r\n<div class=\"et_pb_blurb_3 et_pb_blurb et_pb_bg_layout_light et_pb_text_align_left et_pb_blurb_position_top et_pb_module et_block_module\"><div class=\"et_pb_blurb_content\"><div class=\"et_pb_main_blurb_image\"><span class=\"et_pb_image_wrap\"><span class=\"et-pb-icon\">\ue001<\/span><\/span><\/div><div class=\"et_pb_blurb_container\"><h3 class=\"et_pb_module_header\">1. - L'\u00e9ligibilit\u00e9<\/h3><div class=\"et_pb_blurb_description\" data-et-mv-hidden-phone=\"true\"><p><span class=\"et_pb_fullwidth_header_subhead\">Pour demander l'admission \u00e0 Sikatech, veuillez suivre les instructions ci-dessous :<\/span><\/p>\n<div class=\"et_pb_header_content_wrapper\">\n<p class=\"et_pb_module_header\">\u00c9tape 1 : Pr\u00e9parer vos documents<\/p>\n<p>Rassemblez tous les documents n\u00e9cessaires, y compris vos relev\u00e9s de notes et votre pi\u00e8ce d'identit\u00e9.<\/p>\n<p>\u00a0<\/p>\n<ul>\n<li>Une photocopie de l'acte de naissance<\/li>\n<li>Une photocopie du dipl\u00f4me requis<\/li>\n<li>2 demi photos d'identit\u00e9<\/li>\n<li>Une copie du certificat m\u00e9dical<\/li>\n<\/ul>\n<\/div>\n<\/div><\/div><\/div><\/div>\r\n\r\n<div class=\"et_pb_blurb_4 et_pb_blurb et_pb_bg_layout_light et_pb_text_align_left et_pb_blurb_position_top et_pb_module et_block_module\"><div class=\"et_pb_blurb_content\"><div class=\"et_pb_main_blurb_image\"><span class=\"et_pb_image_wrap\"><span class=\"et-pb-icon\">\uf26c<\/span><\/span><\/div><div class=\"et_pb_blurb_container\"><h3 class=\"et_pb_module_header\">2. - Processus de candidature<\/h3><div class=\"et_pb_blurb_description\"><p><span class=\"et_pb_fullwidth_header_subhead\">\u00c9tape 2 : Remplir le formulaire de demande<\/span><\/p>\n<div class=\"et_pb_header_content_wrapper\">\n<ul>\n<li>\u00a0Se connecter au portail d'inscription ou d'\u00e9tudiant<\/li>\n<li>\u00a0Cr\u00e9ez votre compte \u00e9tudiant<\/li>\n<li>\u00a0Remplir le formulaire de demande en ligne<\/li>\n<li>\u00a0T\u00e9l\u00e9charger tous les documents requis<\/li>\n<li>\u00a0Soumettre le formulaire<\/li>\n<\/ul>\n<\/div>\n<\/div><\/div><\/div><\/div>\r\n\r\n<div class=\"et_pb_blurb_5 et_pb_blurb et_pb_bg_layout_light et_pb_text_align_left et_pb_blurb_position_top et_pb_module et_block_module\"><div class=\"et_pb_blurb_content\"><div class=\"et_pb_main_blurb_image\"><span class=\"et_pb_image_wrap\"><span class=\"et-pb-icon\">\uf5ad<\/span><\/span><\/div><div class=\"et_pb_blurb_container\"><h3 class=\"et_pb_module_header\">3. Processus d'examen <\/h3><div class=\"et_pb_blurb_description\" data-et-mv-hidden-phone=\"true\"><p><span class=\"et_pb_fullwidth_header_subhead\"><\/span><\/p>\n<p><span class=\"et_pb_fullwidth_header_subhead\">\u00c9tape 3 : Soumettre le formulaire compl\u00e9t\u00e9<\/span><\/p>\n<div class=\"et_pb_header_content_wrapper\">\n<p>\u00a0<\/p>\n<ul>\n<li><span>Soumettez votre candidature et surveillez votre courrier \u00e9lectronique pour obtenir une confirmation et d'autres instructions de la part du bureau des admissions.<\/span><\/li>\n<\/ul>\n<\/div>\n<\/div><\/div><\/div><\/div><\/div><\/div><\/div>\r\n\r\n<div class=\"et_pb_section_4 et_pb_section et_section_regular et_block_section\"><\/div>","protected":false},"excerpt":{"rendered":"","protected":false},"author":8,"featured_media":0,"parent":0,"menu_order":0,"comment_status":"closed","ping_status":"closed","template":"","meta":{"_et_pb_use_builder":"on","_et_pb_old_content":"","_et_gb_content_width":"","footnotes":""},"class_list":["post-238653","page","type-page","status-publish","hentry"],"_links":{"self":[{"href":"https:\/\/sikatech-institute.com\/fr\/wp-json\/wp\/v2\/pages\/238653","targetHints":{"allow":["GET"]}}],"collection":[{"href":"https:\/\/sikatech-institute.com\/fr\/wp-json\/wp\/v2\/pages"}],"about":[{"href":"https:\/\/sikatech-institute.com\/fr\/wp-json\/wp\/v2\/types\/page"}],"author":[{"embeddable":true,"href":"https:\/\/sikatech-institute.com\/fr\/wp-json\/wp\/v2\/users\/8"}],"replies":[{"embeddable":true,"href":"https:\/\/sikatech-institute.com\/fr\/wp-json\/wp\/v2\/comments?post=238653"}],"version-history":[{"count":5,"href":"https:\/\/sikatech-institute.com\/fr\/wp-json\/wp\/v2\/pages\/238653\/revisions"}],"predecessor-version":[{"id":238684,"href":"https:\/\/sikatech-institute.com\/fr\/wp-json\/wp\/v2\/pages\/238653\/revisions\/238684"}],"wp:attachment":[{"href":"https:\/\/sikatech-institute.com\/fr\/wp-json\/wp\/v2\/media?parent=238653"}],"curies":[{"name":"wp","href":"https:\/\/api.w.org\/{rel}","templated":true}]}}