{"id":238539,"date":"2026-01-20T15:34:25","date_gmt":"2026-01-20T20:34:25","guid":{"rendered":"https:\/\/sikatech-institute.com\/?page_id=238539"},"modified":"2026-01-20T15:51:27","modified_gmt":"2026-01-20T20:51:27","slug":"ict","status":"publish","type":"page","link":"https:\/\/sikatech-institute.com\/fr\/ict\/","title":{"rendered":"Information et communication"},"content":{"rendered":"<div class=\"et_pb_section_0 et_pb_section et_section_regular et_block_section\">\r\n\r\n<div class=\"et_pb_row_0 et_pb_row et_flex_row\">\r\n\r\n<div class=\"et_pb_column_0 et_pb_column et-last-child et_flex_column et_pb_css_mix_blend_mode_passthrough et_flex_column_24_24 et_flex_column_24_24_tablet et_flex_column_24_24_phone et_flex_column_24_24_phoneWide et_flex_column_24_24_tabletWide et_flex_column_24_24_widescreen et_flex_column_24_24_ultraWide\">\r\n\r\n<div class=\"et_pb_heading_0 et_pb_heading et_pb_module et_flex_module\"><div class=\"et_pb_heading_container\"><h1 class=\"et_pb_module_header\">Technologies de l'information et de la communication (TIC)<\/h1><\/div><\/div><\/div><\/div><\/div>\r\n\r\n<div class=\"et_pb_section_1 et_pb_section et_section_regular et_flex_section\"><\/div>\r\n\r\n<div class=\"et_pb_section_2 et_pb_section et_section_regular et_flex_section\">\r\n\r\n<div class=\"et_pb_row_1 et_pb_row et_flex_row\">\r\n\r\n<div class=\"et_pb_column_1 et_pb_column et-last-child et_flex_column et_pb_css_mix_blend_mode_passthrough et_flex_column_24_24 et_flex_column_24_24_tablet et_flex_column_24_24_phone et_flex_column_24_24_phoneWide et_flex_column_24_24_tabletWide et_flex_column_24_24_widescreen et_flex_column_24_24_ultraWide\">\r\n\r\n<div class=\"et_pb_heading_1 et_pb_heading et_pb_module et_flex_module\"><div class=\"et_pb_heading_container\"><h1 class=\"et_pb_module_header\">Information et Communication<\/h1><\/div><\/div><\/div><\/div><\/div>\r\n\r\n<div class=\"et_pb_section_3 et_pb_section et_section_regular et_flex_section\">\r\n\r\n<div class=\"et_pb_row_2 et_pb_row et_flex_row\">\r\n\r\n<div class=\"et_pb_column_2 et_pb_column et_flex_column et_pb_css_mix_blend_mode_passthrough et_flex_column_12_24 et_flex_column_12_24_tablet et_flex_column_24_24_phone et_flex_column_24_24_phoneWide et_flex_column_12_24_tabletWide et_flex_column_12_24_widescreen et_flex_column_12_24_ultraWide\">\r\n\r\n<div class=\"et_pb_text_0 et_pb_text et_pb_bg_layout_light et_pb_module et_flex_module\"><div class=\"et_pb_text_inner\"><div class=\"fusion-text fusion-text-1\">\n<h3 class=\"\" data-fontsize=\"24\" data-lineheight=\"27.6px\">Le d\u00e9partement de l'information et de la communication propose les programmes majeurs suivants :<\/h3>\n<p>\u00a0<\/p>\n<ul>\n<li>Information et communication<\/li>\n<\/ul>\n<\/div>\n<div class=\"fusion-title title fusion-title-3 fusion-sep-none fusion-title-text fusion-title-size-three\">\n<h3 class=\"fusion-title-heading title-heading-left fusion-responsive-typography-calculated\"><\/h3>\n<h3 class=\"fusion-title-heading title-heading-left fusion-responsive-typography-calculated\">Ce programme propose des dipl\u00f4mes de fin d'\u00e9tudes et de licence en syst\u00e8mes d'information.<\/h3>\n<\/div>\n<\/div><\/div><\/div>\r\n\r\n<div class=\"et_pb_column_3 et_pb_column et-last-child et_flex_column et_pb_css_mix_blend_mode_passthrough et_flex_column_12_24 et_flex_column_12_24_tablet et_flex_column_24_24_phone et_flex_column_24_24_phoneWide et_flex_column_12_24_tabletWide et_flex_column_12_24_widescreen et_flex_column_12_24_ultraWide\">\r\n\r\n<div class=\"et_pb_text_1 et_pb_text et_pb_bg_layout_light et_pb_module et_flex_module\"><div class=\"et_pb_text_inner\"><p>Notre programme TIC comprend une s\u00e9rie de cours ou de modules couvrant un large \u00e9ventail de sujets pertinents pour les technologies de l'information. Il s'agit notamment du mat\u00e9riel et des logiciels informatiques, de la mise en r\u00e9seau, de la cybers\u00e9curit\u00e9, de l'administration et de la gestion des bases de donn\u00e9es, du d\u00e9veloppement de logiciels, des langages de programmation, du d\u00e9veloppement Web, de l'informatique en nuage, de l'intelligence artificielle et de l'Internet des objets (IoT).<\/p>\n<p><i class=\"fa fa-arrow-circle-o-right\"><\/i><span>\u00a0<\/span>Le programme d'\u00e9tudes est con\u00e7u pour s'aligner sur les normes et les meilleures pratiques de l'industrie, garantissant que les \u00e9tudiants acqui\u00e8rent les comp\u00e9tences et les connaissances n\u00e9cessaires pour r\u00e9ussir sur le lieu de travail. La formation comprend \u00e9galement une pr\u00e9paration aux certifications reconnues par l'industrie, d\u00e9livr\u00e9es par des organisations telles que CompTIA, Cisco, Microsoft, AWS, et bien d'autres.<\/p>\n<\/div><\/div><\/div><\/div>\r\n\r\n<div class=\"et_pb_row_3 et_pb_row et_flex_row\">\r\n\r\n<div class=\"et_pb_column_4 et_pb_column et-last-child et_flex_column et_pb_css_mix_blend_mode_passthrough et_flex_column_24_24 et_flex_column_24_24_tablet et_flex_column_24_24_phone et_flex_column_24_24_phoneWide et_flex_column_24_24_tabletWide et_flex_column_24_24_widescreen et_flex_column_24_24_ultraWide\">\r\n\r\n<div class=\"et_pb_module et_pb_button_module_wrapper et_pb_button_0_wrapper\"><a class=\"et_pb_button_0 et_pb_button et_pb_bg_layout_light et_pb_module et_flex_module\" href=\"\" data-icon=\"\ue001\">Postuler <\/a><\/div><\/div><\/div><\/div>\r\n\r\n<div class=\"et_pb_section_4 et_pb_section et_section_regular et_flex_section\">\r\n\r\n<div class=\"et_pb_row_4 et_pb_row et_flex_row\">\r\n\r\n<div class=\"et_pb_column_5 et_pb_column et_flex_column et_pb_css_mix_blend_mode_passthrough et_flex_column_12_24 et_flex_column_12_24_tablet et_flex_column_24_24_phone et_flex_column_24_24_phoneWide et_flex_column_12_24_tabletWide et_flex_column_12_24_widescreen et_flex_column_12_24_ultraWide\">\r\n\r\n<div class=\"et_pb_image_0 et_pb_image et_pb_image_sticky_phone et_pb_module et_flex_module\"><span class=\"et_pb_image_wrap\"><img loading=\"lazy\" decoding=\"async\" src=\"https:\/\/sikatech-institute.com\/wp-content\/uploads\/2025\/09\/antennas-e1754673449672.jpg\" title=\"Informations\" width=\"960\" height=\"853\" srcset=\"https:\/\/sikatech-institute.com\/wp-content\/uploads\/2025\/09\/antennas-e1754673449672.jpg 960w, https:\/\/sikatech-institute.com\/wp-content\/uploads\/2025\/09\/antennas-e1754673449672-480x427.jpg 480w\" sizes=\"(min-width: 0px) and (max-width: 480px) 480px, (min-width: 481px) 960px, 100vw\" class=\"wp-image-1966\" \/><\/span><\/div><\/div>\r\n\r\n<div class=\"et_pb_column_6 et_pb_column et-last-child et_flex_column et_pb_css_mix_blend_mode_passthrough et_flex_column_12_24 et_flex_column_12_24_tablet et_flex_column_24_24_phone et_flex_column_24_24_phoneWide et_flex_column_12_24_tabletWide et_flex_column_12_24_widescreen et_flex_column_12_24_ultraWide\">\r\n\r\n<div class=\"et_pb_text_2 et_pb_text et_pb_bg_layout_light et_pb_module et_flex_module\"><div class=\"et_pb_text_inner\" data-et-mv-hidden-phone=\"true\"><p style=\"text-align: center;\">Information et communication<\/p>\n<\/div><\/div>\r\n\r\n<div class=\"et_pb_row_5 et_pb_row et_pb_row_nested et_flex_row\">\r\n\r\n<div class=\"et_pb_column_7 et_pb_column et-last-child et_flex_column et_pb_css_mix_blend_mode_passthrough et_flex_column_24_24 et_flex_column_24_24_tablet et_flex_column_24_24_phone et_flex_column_24_24_phoneWide et_flex_column_24_24_tabletWide et_flex_column_24_24_widescreen et_flex_column_24_24_ultraWide\">\r\n\r\n<div class=\"et_pb_code_0 et_pb_code et_pb_text_align_left-phone et_pb_module\"><div class=\"et_pb_code_inner\">\n<table id=\"tablepress-20\" class=\"tablepress tablepress-id-20\">\n<thead>\n<tr class=\"row-1\">\n\t<th class=\"column-1\">Description du cours<\/th><th class=\"column-2\">Heures de cr\u00e9dit<\/th>\n<\/tr>\n<\/thead>\n<tbody class=\"row-striping row-hover\">\n<tr class=\"row-2\">\n\t<td class=\"column-1\">Information et communication<\/td><td class=\"column-2\">80 - 100<\/td>\n<\/tr>\n<\/tbody>\n<\/table>\n<!-- #tablepress-20 from cache --><\/div><\/div><\/div><\/div><\/div><\/div><\/div>\r\n\r\n<div class=\"et_pb_section_5 et_pb_section et_section_regular et_flex_section\"><\/div>","protected":false},"excerpt":{"rendered":"","protected":false},"author":8,"featured_media":0,"parent":0,"menu_order":0,"comment_status":"closed","ping_status":"closed","template":"","meta":{"_et_pb_use_builder":"on","_et_pb_old_content":"","_et_gb_content_width":"","footnotes":""},"class_list":["post-238539","page","type-page","status-publish","hentry"],"_links":{"self":[{"href":"https:\/\/sikatech-institute.com\/fr\/wp-json\/wp\/v2\/pages\/238539","targetHints":{"allow":["GET"]}}],"collection":[{"href":"https:\/\/sikatech-institute.com\/fr\/wp-json\/wp\/v2\/pages"}],"about":[{"href":"https:\/\/sikatech-institute.com\/fr\/wp-json\/wp\/v2\/types\/page"}],"author":[{"embeddable":true,"href":"https:\/\/sikatech-institute.com\/fr\/wp-json\/wp\/v2\/users\/8"}],"replies":[{"embeddable":true,"href":"https:\/\/sikatech-institute.com\/fr\/wp-json\/wp\/v2\/comments?post=238539"}],"version-history":[{"count":5,"href":"https:\/\/sikatech-institute.com\/fr\/wp-json\/wp\/v2\/pages\/238539\/revisions"}],"predecessor-version":[{"id":238548,"href":"https:\/\/sikatech-institute.com\/fr\/wp-json\/wp\/v2\/pages\/238539\/revisions\/238548"}],"wp:attachment":[{"href":"https:\/\/sikatech-institute.com\/fr\/wp-json\/wp\/v2\/media?parent=238539"}],"curies":[{"name":"wp","href":"https:\/\/api.w.org\/{rel}","templated":true}]}}