{"id":238531,"date":"2026-01-20T15:11:50","date_gmt":"2026-01-20T20:11:50","guid":{"rendered":"https:\/\/sikatech-institute.com\/?page_id=238531"},"modified":"2026-01-20T16:08:53","modified_gmt":"2026-01-20T21:08:53","slug":"hospitality-tourism-mgmt","status":"publish","type":"page","link":"https:\/\/sikatech-institute.com\/fr\/hospitality-tourism-mgmt\/","title":{"rendered":"Gestion de l'h\u00f4tellerie et du tourisme"},"content":{"rendered":"<div class=\"et_pb_section_0 et_pb_section et_section_regular et_block_section\">\r\n\r\n<div class=\"et_pb_row_0 et_pb_row et_flex_row\">\r\n\r\n<div class=\"et_pb_column_0 et_pb_column et-last-child et_flex_column et_pb_css_mix_blend_mode_passthrough et_flex_column_24_24 et_flex_column_24_24_tablet et_flex_column_24_24_phone\">\r\n\r\n<div class=\"et_pb_heading_0 et_pb_heading et_pb_module et_flex_module\"><div class=\"et_pb_heading_container\"><h1 class=\"et_pb_module_header\">Gestion de l'h\u00f4tellerie et du tourisme<\/h1><\/div><\/div><\/div><\/div><\/div>\r\n\r\n<div class=\"et_pb_section_1 et_pb_section et_section_regular et_flex_section\"><\/div>\r\n\r\n<div class=\"et_pb_section_2 et_pb_section et_section_regular et_flex_section\">\r\n\r\n<div class=\"et_pb_row_1 et_pb_row et_flex_row\">\r\n\r\n<div class=\"et_pb_column_1 et_pb_column et-last-child et_flex_column et_pb_css_mix_blend_mode_passthrough et_flex_column_24_24 et_flex_column_24_24_tablet et_flex_column_24_24_phone\">\r\n\r\n<div class=\"et_pb_heading_1 et_pb_heading et_pb_module et_flex_module\"><div class=\"et_pb_heading_container\"><h1 class=\"et_pb_module_header\">Gestion de l'h\u00f4tellerie et du tourisme<\/h1><\/div><\/div><\/div><\/div><\/div>\r\n\r\n<div class=\"et_pb_section_3 et_pb_section et_section_regular et_flex_section\">\r\n\r\n<div class=\"et_pb_row_2 et_pb_row et_flex_row\">\r\n\r\n<div class=\"et_pb_column_2 et_pb_column et_flex_column et_pb_css_mix_blend_mode_passthrough et_flex_column_12_24 et_flex_column_12_24_tablet et_flex_column_24_24_phone\">\r\n\r\n<div class=\"et_pb_text_0 et_pb_text et_pb_bg_layout_light et_pb_module et_flex_module\"><div class=\"et_pb_text_inner\"><h3 class=\"\" data-fontsize=\"24\" data-lineheight=\"27.6px\">Le d\u00e9partement de technologie et de gestion h\u00f4teli\u00e8re propose les programmes majeurs suivants.<\/h3>\n<p>\u00a0<\/p>\n<ul>\n<li>Gestion de l'h\u00f4tellerie et du tourisme<\/li>\n<\/ul>\n<p>&nbsp;<\/p>\n<h3 class=\"fusion-title-heading title-heading-left fusion-responsive-typography-calculated\">Ce programme propose des dipl\u00f4mes HND et BSc. en gestion h\u00f4teli\u00e8re.<\/h3>\n<\/div><\/div><\/div>\r\n\r\n<div class=\"et_pb_column_3 et_pb_column et-last-child et_flex_column et_pb_css_mix_blend_mode_passthrough et_flex_column_12_24 et_flex_column_12_24_tablet et_flex_column_24_24_phone\">\r\n\r\n<div class=\"et_pb_text_1 et_pb_text et_pb_bg_layout_light et_pb_module et_flex_module\"><div class=\"et_pb_text_inner\"><p><span>Le programme de gestion de l'h\u00f4tellerie et du tourisme du Sikatech Institute of Technology est con\u00e7u pour les \u00e9tudiants passionn\u00e9s par le service, les voyages, la culture et les affaires dans l'industrie mondiale de l'h\u00f4tellerie. Les candidats doivent avoir termin\u00e9 l'enseignement secondaire avec une mention bien en anglais et dans d'autres mati\u00e8res pertinentes, et doivent faire preuve de solides comp\u00e9tences interpersonnelles, de cr\u00e9ativit\u00e9 et d'un \u00e9tat d'esprit ax\u00e9 sur le client. Le programme offre une formation pratique et th\u00e9orique dans les domaines de l'h\u00f4tellerie, de la planification du tourisme, de la gestion d'\u00e9v\u00e9nements, de la gestion d'h\u00f4tels et de centres de vill\u00e9giature, et des pratiques touristiques durables. Les \u00e9tudiants d\u00e9velopperont \u00e9galement des comp\u00e9tences en mati\u00e8re de leadership, de communication et de gestion d'entreprise adapt\u00e9es aux besoins dynamiques du secteur de l'h\u00f4tellerie et du tourisme. Les dipl\u00f4m\u00e9s sont cens\u00e9s exceller dans diverses fonctions au sein d'h\u00f4tels, d'agences de voyage, de soci\u00e9t\u00e9s d'organisation d'\u00e9v\u00e9nements, de compagnies a\u00e9riennes et d'offices du tourisme, tant au niveau local qu'international.<\/span><\/p>\n<\/div><\/div><\/div><\/div>\r\n\r\n<div class=\"et_pb_row_3 et_pb_row et_flex_row\">\r\n\r\n<div class=\"et_pb_column_4 et_pb_column et-last-child et_flex_column et_pb_css_mix_blend_mode_passthrough et_flex_column_24_24 et_flex_column_24_24_tablet et_flex_column_24_24_phone\">\r\n\r\n<div class=\"et_pb_module et_pb_button_module_wrapper et_pb_button_0_wrapper\"><a class=\"et_pb_button_0 et_pb_button et_pb_bg_layout_light et_pb_module et_flex_module\" href=\"\" data-icon=\"\ue001\">Postuler <\/a><\/div><\/div><\/div><\/div>\r\n\r\n<div class=\"et_pb_section_4 et_pb_section et_section_regular et_flex_section\">\r\n\r\n<div class=\"et_pb_row_4 et_pb_row et_flex_row\">\r\n\r\n<div class=\"et_pb_column_5 et_pb_column et_flex_column et_pb_css_mix_blend_mode_passthrough et_flex_column_12_24 et_flex_column_12_24_tablet et_flex_column_24_24_phone\">\r\n\r\n<div class=\"et_pb_image_0 et_pb_image et_pb_image_sticky_phone et_pb_module et_flex_module\"><span class=\"et_pb_image_wrap\"><img decoding=\"async\" data-src=\"https:\/\/sikatech-institute.com\/wp-content\/uploads\/2025\/09\/bar-tender.jpg\" title=\"barman\" width=\"1280\" height=\"853\" data-srcset=\"https:\/\/sikatech-institute.com\/wp-content\/uploads\/2025\/09\/bar-tender.jpg 1280w, https:\/\/sikatech-institute.com\/wp-content\/uploads\/2025\/09\/bar-tender-980x653.jpg 980w, https:\/\/sikatech-institute.com\/wp-content\/uploads\/2025\/09\/bar-tender-480x320.jpg 480w\" data-sizes=\"(min-width: 0px) and (max-width: 480px) 480px, (min-width: 481px) and (max-width: 980px) 980px, (min-width: 981px) 1280px, 100vw\" class=\"wp-image-1963 lazyload\" src=\"data:image\/svg+xml;base64,PHN2ZyB3aWR0aD0iMSIgaGVpZ2h0PSIxIiB4bWxucz0iaHR0cDovL3d3dy53My5vcmcvMjAwMC9zdmciPjwvc3ZnPg==\" style=\"--smush-placeholder-width: 1280px; --smush-placeholder-aspect-ratio: 1280\/853;\" \/><\/span><\/div><\/div>\r\n\r\n<div class=\"et_pb_column_6 et_pb_column et-last-child et_flex_column et_pb_css_mix_blend_mode_passthrough et_flex_column_12_24 et_flex_column_12_24_tablet et_flex_column_24_24_phone\">\r\n\r\n<div class=\"et_pb_text_2 et_pb_text et_pb_bg_layout_light et_pb_module et_flex_module\"><div class=\"et_pb_text_inner\" data-et-mv-hidden-phone=\"true\"><p style=\"text-align: center;\">Cours de gestion h\u00f4teli\u00e8re et touristique<\/p>\n<\/div><\/div>\r\n\r\n<div class=\"et_pb_row_5 et_pb_row et_pb_row_nested et_flex_row\">\r\n\r\n<div class=\"et_pb_column_7 et_pb_column et-last-child et_flex_column et_pb_css_mix_blend_mode_passthrough et_flex_column_24_24 et_flex_column_24_24_tablet et_flex_column_24_24_phone\">\r\n\r\n<div class=\"et_pb_code_0 et_pb_code et_pb_text_align_left-phone et_pb_module\"><div class=\"et_pb_code_inner\">\n<table id=\"tablepress-19\" class=\"tablepress tablepress-id-19\">\n<thead>\n<tr class=\"row-1\">\n\t<th class=\"column-1\">Description du cours<\/th><th class=\"column-2\">Heures de cr\u00e9dit<\/th>\n<\/tr>\n<\/thead>\n<tbody class=\"row-striping row-hover\">\n<tr class=\"row-2\">\n\t<td class=\"column-1\">Gestion et h\u00e9bergement<\/td><td class=\"column-2\">12 - 30<\/td>\n<\/tr>\n<tr class=\"row-3\">\n\t<td class=\"column-1\">Comptabilit\u00e9 et gestion h\u00f4teli\u00e8re<\/td><td class=\"column-2\">12 - 30<\/td>\n<\/tr>\n<tr class=\"row-4\">\n\t<td class=\"column-1\">G\u00e9nie culinaire<\/td><td class=\"column-2\">12 - 20<\/td>\n<\/tr>\n<tr class=\"row-5\">\n\t<td class=\"column-1\">Service de marketing et de restauration<\/td><td class=\"column-2\">12 - 20<\/td>\n<\/tr>\n<tr class=\"row-6\">\n\t<td class=\"column-1\">Gestion du tourisme<\/td><td class=\"column-2\">12 - 30<\/td>\n<\/tr>\n<\/tbody>\n<\/table>\n<\/div><\/div><\/div><\/div><\/div><\/div><\/div>\r\n\r\n<div class=\"et_pb_section_5 et_pb_section et_section_regular et_flex_section\"><\/div>","protected":false},"excerpt":{"rendered":"","protected":false},"author":8,"featured_media":0,"parent":0,"menu_order":0,"comment_status":"closed","ping_status":"closed","template":"","meta":{"_et_pb_use_builder":"on","_et_pb_old_content":"","_et_gb_content_width":"","footnotes":""},"class_list":["post-238531","page","type-page","status-publish","hentry"],"_links":{"self":[{"href":"https:\/\/sikatech-institute.com\/fr\/wp-json\/wp\/v2\/pages\/238531","targetHints":{"allow":["GET"]}}],"collection":[{"href":"https:\/\/sikatech-institute.com\/fr\/wp-json\/wp\/v2\/pages"}],"about":[{"href":"https:\/\/sikatech-institute.com\/fr\/wp-json\/wp\/v2\/types\/page"}],"author":[{"embeddable":true,"href":"https:\/\/sikatech-institute.com\/fr\/wp-json\/wp\/v2\/users\/8"}],"replies":[{"embeddable":true,"href":"https:\/\/sikatech-institute.com\/fr\/wp-json\/wp\/v2\/comments?post=238531"}],"version-history":[{"count":5,"href":"https:\/\/sikatech-institute.com\/fr\/wp-json\/wp\/v2\/pages\/238531\/revisions"}],"predecessor-version":[{"id":238555,"href":"https:\/\/sikatech-institute.com\/fr\/wp-json\/wp\/v2\/pages\/238531\/revisions\/238555"}],"wp:attachment":[{"href":"https:\/\/sikatech-institute.com\/fr\/wp-json\/wp\/v2\/media?parent=238531"}],"curies":[{"name":"wp","href":"https:\/\/api.w.org\/{rel}","templated":true}]}}