{"id":238517,"date":"2026-01-20T14:21:56","date_gmt":"2026-01-20T19:21:56","guid":{"rendered":"https:\/\/sikatech-institute.com\/?page_id=238517"},"modified":"2026-01-20T14:45:12","modified_gmt":"2026-01-20T19:45:12","slug":"marketing_trade_sales","status":"publish","type":"page","link":"https:\/\/sikatech-institute.com\/fr\/marketing_trade_sales\/","title":{"rendered":"Marketing Commerce et ventes"},"content":{"rendered":"<div class=\"et_pb_section_0 et_pb_section et_section_regular et_block_section\">\r\n<div class=\"et_pb_row_0 et_pb_row et_flex_row\">\r\n<div class=\"et_pb_column_0 et_pb_column et-last-child et_flex_column et_pb_css_mix_blend_mode_passthrough et_flex_column_24_24 et_flex_column_24_24_tablet et_flex_column_24_24_phone\">\r\n<div class=\"et_pb_heading_0 et_pb_heading et_pb_module et_flex_module\"><div class=\"et_pb_heading_container\"><h1 class=\"et_pb_module_header\">Administration des affaires<\/h1><\/div><\/div>\r\n<\/div>\r\n<\/div>\r\n<\/div>\r\n\r\n<div class=\"et_pb_section_1 et_pb_section et_section_regular et_flex_section\"><\/div>\r\n\r\n<div class=\"et_pb_section_2 et_pb_section et_section_regular et_flex_section\">\r\n<div class=\"et_pb_row_1 et_pb_row et_flex_row\">\r\n<div class=\"et_pb_column_1 et_pb_column et-last-child et_flex_column et_pb_css_mix_blend_mode_passthrough et_flex_column_24_24 et_flex_column_24_24_tablet et_flex_column_24_24_phone\">\r\n<div class=\"et_pb_heading_1 et_pb_heading et_pb_module et_flex_module\"><div class=\"et_pb_heading_container\"><h1 class=\"et_pb_module_header\">Administration des affaires<\/h1><\/div><\/div>\r\n<\/div>\r\n<\/div>\r\n<\/div>\r\n\r\n<div class=\"et_pb_section_3 et_pb_section et_section_regular et_flex_section\">\r\n<div class=\"et_pb_row_2 et_pb_row et_flex_row\">\r\n<div class=\"et_pb_column_2 et_pb_column et_flex_column et_pb_css_mix_blend_mode_passthrough et_flex_column_12_24 et_flex_column_12_24_tablet et_flex_column_24_24_phone\">\r\n<div class=\"et_pb_text_0 et_pb_text et_pb_bg_layout_light et_pb_module et_flex_module\"><div class=\"et_pb_text_inner\"><h3 data-fontsize=\"24\" data-lineheight=\"27.6px\" class=\"fusion-responsive-typography-calculated\">Le d\u00e9partement d'administration des affaires propose les deux programmes majeurs suivants :<\/h3>\n<p>&nbsp;<\/p>\n<ul>\n<li>Commerce et ventes<\/li>\n<li>Gestion d'entreprise<\/li>\n<\/ul>\n<p><strong><span>Ce programme propose des dipl\u00f4mes HND et BSc. en administration des affaires.<\/span>.<\/strong><\/p>\n<\/div><\/div>\r\n<\/div>\r\n\r\n<div class=\"et_pb_column_3 et_pb_column et-last-child et_flex_column et_pb_css_mix_blend_mode_passthrough et_flex_column_12_24 et_flex_column_12_24_tablet et_flex_column_24_24_phone\">\r\n<div class=\"et_pb_text_1 et_pb_text et_pb_bg_layout_light et_pb_module et_flex_module\"><div class=\"et_pb_text_inner\"><p><span>Notre programme d'administration des affaires est id\u00e9al pour les \u00e9tudiants qui s'int\u00e9ressent au leadership, \u00e0 l'esprit d'entreprise, \u00e0 la gestion et \u00e0 la dynamique des op\u00e9rations commerciales modernes. Les candidats doivent avoir termin\u00e9 leurs \u00e9tudes secondaires en obtenant des notes \u00e9lev\u00e9es en math\u00e9matiques et en anglais, ainsi que dans d'autres mati\u00e8res pertinentes. Le programme recherche des personnes qui font preuve d'initiative, de comp\u00e9tences en communication et d'un esprit d'analyse. Les \u00e9tudiants recevront une formation compl\u00e8te dans des domaines tels que la comptabilit\u00e9, le marketing, la finance, la gestion des ressources humaines et la planification strat\u00e9gique. \u00c0 l'issue du programme, les dipl\u00f4m\u00e9s devraient \u00eatre bien pr\u00e9par\u00e9s \u00e0 occuper des postes dans des entreprises, des administrations publiques ou des structures entrepreneuriales, et disposer des comp\u00e9tences n\u00e9cessaires pour g\u00e9rer des \u00e9quipes, prendre des d\u00e9cisions \u00e9clair\u00e9es et favoriser la croissance de l'organisation dans un march\u00e9 mondial concurrentiel.<\/span><\/p>\n<\/div><\/div>\r\n<\/div>\r\n<\/div>\r\n\r\n<div class=\"et_pb_row_3 et_pb_row et_flex_row\">\r\n<div class=\"et_pb_column_4 et_pb_column et-last-child et_flex_column et_pb_css_mix_blend_mode_passthrough et_flex_column_24_24 et_flex_column_24_24_tablet et_flex_column_24_24_phone\">\r\n<div class=\"et_pb_module et_pb_button_module_wrapper et_pb_button_0_wrapper\"><a class=\"et_pb_button_0 et_pb_button et_pb_bg_layout_light et_pb_module et_flex_module\" href=\"\" data-icon=\"\ue001\">Postuler <\/a><\/div>\r\n<\/div>\r\n<\/div>\r\n<\/div>\r\n\r\n<div class=\"et_pb_section_4 et_pb_section et_section_regular et_flex_section\">\r\n<div class=\"et_pb_row_4 et_pb_row et_flex_row\">\r\n<div class=\"et_pb_column_5 et_pb_column et_flex_column et_pb_css_mix_blend_mode_passthrough et_flex_column_12_24 et_flex_column_12_24_tablet et_flex_column_24_24_phone\">\r\n<div class=\"et_pb_image_0 et_pb_image et_pb_image_sticky_phone et_pb_module et_flex_module\"><span class=\"et_pb_image_wrap\"><img decoding=\"async\" data-src=\"https:\/\/sikatech-institute.com\/wp-content\/uploads\/2025\/09\/american-expressjpg.jpg\" title=\"american-expressjpg\" width=\"640\" height=\"402\" data-srcset=\"https:\/\/sikatech-institute.com\/wp-content\/uploads\/2025\/09\/american-expressjpg.jpg 640w, https:\/\/sikatech-institute.com\/wp-content\/uploads\/2025\/09\/american-expressjpg-480x302.jpg 480w\" data-sizes=\"(min-width: 0px) and (max-width: 480px) 480px, (min-width: 481px) 640px, 100vw\" class=\"wp-image-1959 lazyload\" src=\"data:image\/svg+xml;base64,PHN2ZyB3aWR0aD0iMSIgaGVpZ2h0PSIxIiB4bWxucz0iaHR0cDovL3d3dy53My5vcmcvMjAwMC9zdmciPjwvc3ZnPg==\" style=\"--smush-placeholder-width: 640px; --smush-placeholder-aspect-ratio: 640\/402;\" \/><\/span><\/div>\r\n<\/div>\r\n\r\n<div class=\"et_pb_column_6 et_pb_column et-last-child et_flex_column et_pb_css_mix_blend_mode_passthrough et_flex_column_12_24 et_flex_column_12_24_tablet et_flex_column_24_24_phone\">\r\n<div class=\"et_pb_text_2 et_pb_text et_pb_bg_layout_light et_pb_module et_flex_module\"><div class=\"et_pb_text_inner\" data-et-mv-hidden-phone=\"true\"><p style=\"text-align: center;\">Cours de gestion d'entreprise<\/p>\n<p style=\"text-align: center;\">\u00a0 \u00a0 \u00a0 <strong>Commerce et ventes<\/strong><\/p>\n<\/div><\/div>\r\n\r\n<div class=\"et_pb_row_5 et_pb_row et_pb_row_nested et_flex_row\">\r\n<div class=\"et_pb_column_7 et_pb_column et-last-child et_flex_column et_pb_css_mix_blend_mode_passthrough et_flex_column_24_24 et_flex_column_24_24_tablet et_flex_column_24_24_phone\">\r\n<div class=\"et_pb_code_0 et_pb_code et_pb_text_align_left-phone et_pb_module\"><div class=\"et_pb_code_inner\">\n<table id=\"tablepress-17\" class=\"tablepress tablepress-id-17\">\n<thead>\n<tr class=\"row-1\">\n\t<th class=\"column-1\">Description du cours<\/th><th class=\"column-2\">Heures de cr\u00e9dit<\/th>\n<\/tr>\n<\/thead>\n<tbody class=\"row-striping row-hover\">\n<tr class=\"row-2\">\n\t<td class=\"column-1\">Marketing<\/td><td class=\"column-2\">12 - 30<\/td>\n<\/tr>\n<tr class=\"row-3\">\n\t<td class=\"column-1\">Logistique et gestion des transports<\/td><td class=\"column-2\">12 - 30<\/td>\n<\/tr>\n<tr class=\"row-4\">\n\t<td class=\"column-1\">Banque et finance<\/td><td class=\"column-2\">12 - 30<\/td>\n<\/tr>\n<tr class=\"row-5\">\n\t<td class=\"column-1\">Comptabilit\u00e9 et gestion d'entreprise<\/td><td class=\"column-2\">12 - 30<\/td>\n<\/tr>\n<\/tbody>\n<\/table>\n<!-- #tablepress-17 from cache --><\/div><\/div>\r\n\r\n<div class=\"et_pb_text_3 et_pb_text et_pb_bg_layout_light et_pb_module et_flex_module\"><div class=\"et_pb_text_inner\" data-et-mv-hidden-phone=\"true\"><p style=\"text-align: center;\"><strong>Gestion d'entreprise<\/strong><\/p>\n<\/div><\/div>\r\n\r\n<div class=\"et_pb_code_1 et_pb_code et_pb_text_align_left-phone et_pb_module\"><div class=\"et_pb_code_inner\">\n<table id=\"tablepress-18\" class=\"tablepress tablepress-id-18\">\n<thead>\n<tr class=\"row-1\">\n\t<th class=\"column-1\">Description du cours<\/th><th class=\"column-2\">Heures de cr\u00e9dit<\/th>\n<\/tr>\n<\/thead>\n<tbody class=\"row-striping row-hover\">\n<tr class=\"row-2\">\n\t<td class=\"column-1\">Directeur adjoint<\/td><td class=\"column-2\">12 - 30<\/td>\n<\/tr>\n<tr class=\"row-3\">\n\t<td class=\"column-1\">Comptabilit\u00e9 et gestion d'entreprise<\/td><td class=\"column-2\">12 - 30<\/td>\n<\/tr>\n<\/tbody>\n<\/table>\n<!-- #tablepress-18 from cache --><\/div><\/div>\r\n<\/div>\r\n<\/div>\r\n<\/div>\r\n<\/div>\r\n<\/div>\r\n\r\n<div class=\"et_pb_section_5 et_pb_section et_section_regular et_flex_section\"><\/div>","protected":false},"excerpt":{"rendered":"","protected":false},"author":8,"featured_media":0,"parent":0,"menu_order":0,"comment_status":"closed","ping_status":"closed","template":"","meta":{"_et_pb_use_builder":"on","_et_pb_old_content":"","_et_gb_content_width":"","footnotes":""},"class_list":["post-238517","page","type-page","status-publish","hentry"],"_links":{"self":[{"href":"https:\/\/sikatech-institute.com\/fr\/wp-json\/wp\/v2\/pages\/238517","targetHints":{"allow":["GET"]}}],"collection":[{"href":"https:\/\/sikatech-institute.com\/fr\/wp-json\/wp\/v2\/pages"}],"about":[{"href":"https:\/\/sikatech-institute.com\/fr\/wp-json\/wp\/v2\/types\/page"}],"author":[{"embeddable":true,"href":"https:\/\/sikatech-institute.com\/fr\/wp-json\/wp\/v2\/users\/8"}],"replies":[{"embeddable":true,"href":"https:\/\/sikatech-institute.com\/fr\/wp-json\/wp\/v2\/comments?post=238517"}],"version-history":[{"count":5,"href":"https:\/\/sikatech-institute.com\/fr\/wp-json\/wp\/v2\/pages\/238517\/revisions"}],"predecessor-version":[{"id":238524,"href":"https:\/\/sikatech-institute.com\/fr\/wp-json\/wp\/v2\/pages\/238517\/revisions\/238524"}],"wp:attachment":[{"href":"https:\/\/sikatech-institute.com\/fr\/wp-json\/wp\/v2\/media?parent=238517"}],"curies":[{"name":"wp","href":"https:\/\/api.w.org\/{rel}","templated":true}]}}