{"id":238509,"date":"2026-01-20T14:04:21","date_gmt":"2026-01-20T19:04:21","guid":{"rendered":"https:\/\/sikatech-institute.com\/?page_id=238509"},"modified":"2026-01-20T17:47:02","modified_gmt":"2026-01-20T22:47:02","slug":"mechanical_engineering","status":"publish","type":"page","link":"https:\/\/sikatech-institute.com\/fr\/mechanical_engineering\/","title":{"rendered":"Ing\u00e9nierie m\u00e9canique"},"content":{"rendered":"<div class=\"et_pb_section_0 et_pb_section et_section_regular et_block_section\">\r\n\r\n<div class=\"et_pb_row_0 et_pb_row et_flex_row\">\r\n\r\n<div class=\"et_pb_column_0 et_pb_column et-last-child et_flex_column et_pb_css_mix_blend_mode_passthrough et_flex_column_24_24 et_flex_column_24_24_tablet et_flex_column_24_24_phone\">\r\n\r\n<div class=\"et_pb_heading_0 et_pb_heading et_pb_module et_flex_module\"><div class=\"et_pb_heading_container\"><h1 class=\"et_pb_module_header\">Ing\u00e9nierie m\u00e9canique<\/h1><\/div><\/div><\/div><\/div><\/div>\r\n\r\n<div class=\"et_pb_section_1 et_pb_section et_section_regular et_flex_section\"><\/div>\r\n\r\n<div class=\"et_pb_section_2 et_pb_section et_section_regular et_flex_section\">\r\n\r\n<div class=\"et_pb_row_1 et_pb_row et_flex_row\">\r\n\r\n<div class=\"et_pb_column_1 et_pb_column et-last-child et_flex_column et_pb_css_mix_blend_mode_passthrough et_flex_column_24_24 et_flex_column_24_24_tablet et_flex_column_24_24_phone\">\r\n\r\n<div class=\"et_pb_heading_1 et_pb_heading et_pb_module et_flex_module\"><div class=\"et_pb_heading_container\"><h1 class=\"et_pb_module_header\">Facult\u00e9 d'ing\u00e9nierie<\/h1><\/div><\/div><\/div><\/div><\/div>\r\n\r\n<div class=\"et_pb_section_3 et_pb_section et_section_regular et_flex_section\">\r\n\r\n<div class=\"et_pb_row_2 et_pb_row et_flex_row\">\r\n\r\n<div class=\"et_pb_column_2 et_pb_column et_flex_column et_pb_css_mix_blend_mode_passthrough et_flex_column_12_24 et_flex_column_12_24_tablet et_flex_column_24_24_phone\">\r\n\r\n<div class=\"et_pb_text_0 et_pb_text et_pb_bg_layout_light et_pb_module et_flex_module\"><div class=\"et_pb_text_inner\"><h3 data-fontsize=\"24\" data-lineheight=\"27.6px\" class=\"fusion-responsive-typography-calculated\">Le d\u00e9partement d'ing\u00e9nierie propose les 4 programmes majeurs suivants :<\/h3>\n<p>&nbsp;<\/p>\n<ul>\n<li>G\u00e9nie civil<\/li>\n<li>Ing\u00e9nierie informatique<\/li>\n<li>G\u00e9nie \u00e9lectrique<\/li>\n<li><strong>Ing\u00e9nierie m\u00e9canique et de production<\/strong><\/li>\n<\/ul>\n<p><strong>Ce programme propose des dipl\u00f4mes HND et BSc. en g\u00e9nie m\u00e9canique.<\/strong><\/p>\n<\/div><\/div><\/div>\r\n\r\n<div class=\"et_pb_column_3 et_pb_column et-last-child et_flex_column et_pb_css_mix_blend_mode_passthrough et_flex_column_12_24 et_flex_column_12_24_tablet et_flex_column_24_24_phone\">\r\n\r\n<div class=\"et_pb_text_1 et_pb_text et_pb_bg_layout_light et_pb_module et_flex_module\"><div class=\"et_pb_text_inner\"><p><span>Le programme d'ing\u00e9nierie m\u00e9canique et de production du Sikatech Institute of Technology est con\u00e7u pour les \u00e9tudiants ayant un int\u00e9r\u00eat marqu\u00e9 pour la m\u00e9canique, la conception, la fabrication et les syst\u00e8mes industriels. Les candidats doivent avoir termin\u00e9 avec succ\u00e8s leurs \u00e9tudes secondaires et avoir obtenu de bons r\u00e9sultats en math\u00e9matiques, en physique et dans d'autres mati\u00e8res scientifiques pertinentes. Le programme met l'accent sur la pens\u00e9e critique, la cr\u00e9ativit\u00e9 et les comp\u00e9tences pratiques en mati\u00e8re de r\u00e9solution de probl\u00e8mes n\u00e9cessaires pour concevoir et am\u00e9liorer les syst\u00e8mes m\u00e9caniques et les processus de production. Les \u00e9tudiants suivront une formation pratique dans des domaines tels que la thermodynamique, la m\u00e9canique des fluides, la conception assist\u00e9e par ordinateur (CAO) et la technologie de fabrication. Les dipl\u00f4m\u00e9s sont cens\u00e9s devenir des ing\u00e9nieurs comp\u00e9tents pr\u00eats \u00e0 contribuer \u00e0 des industries telles que l'automobile, l'a\u00e9rospatiale, l'\u00e9nergie et la fabrication, avec la capacit\u00e9 d'innover et d'optimiser les syst\u00e8mes de production en termes d'efficacit\u00e9 et de durabilit\u00e9.<\/span><\/p>\n<\/div><\/div><\/div><\/div>\r\n\r\n<div class=\"et_pb_row_3 et_pb_row et_flex_row\">\r\n\r\n<div class=\"et_pb_column_4 et_pb_column et-last-child et_flex_column et_pb_css_mix_blend_mode_passthrough et_flex_column_24_24 et_flex_column_24_24_tablet et_flex_column_24_24_phone\">\r\n\r\n<div class=\"et_pb_module et_pb_button_module_wrapper et_pb_button_0_wrapper\"><a class=\"et_pb_button_0 et_pb_button et_pb_bg_layout_light et_pb_module et_flex_module\" href=\"\" data-icon=\"\ue001\">Postuler <\/a><\/div><\/div><\/div><\/div>\r\n\r\n<div class=\"et_pb_section_4 et_pb_section et_section_regular et_flex_section\">\r\n\r\n<div class=\"et_pb_row_4 et_pb_row et_flex_row\">\r\n\r\n<div class=\"et_pb_column_5 et_pb_column et_flex_column et_pb_css_mix_blend_mode_passthrough et_flex_column_12_24 et_flex_column_12_24_tablet et_flex_column_24_24_phone\">\r\n\r\n<div class=\"et_pb_image_0 et_pb_image et_pb_image_sticky_phone et_pb_module et_flex_module\"><span class=\"et_pb_image_wrap\"><img decoding=\"async\" data-src=\"https:\/\/sikatech-institute.com\/wp-content\/uploads\/2025\/09\/factory-e1760838751173.jpg\" title=\"Ing\u00e9nierie m\u00e9canique\" width=\"600\" height=\"449\" data-srcset=\"https:\/\/sikatech-institute.com\/wp-content\/uploads\/2025\/09\/factory-e1760838751173.jpg 600w\" data-sizes=\"(min-width: 0px) and (max-width: 480px) 480px, (min-width: 481px) 600px, 100vw\" class=\"wp-image-1957 lazyload\" src=\"data:image\/svg+xml;base64,PHN2ZyB3aWR0aD0iMSIgaGVpZ2h0PSIxIiB4bWxucz0iaHR0cDovL3d3dy53My5vcmcvMjAwMC9zdmciPjwvc3ZnPg==\" style=\"--smush-placeholder-width: 600px; --smush-placeholder-aspect-ratio: 600\/449;\" \/><\/span><\/div><\/div>\r\n\r\n<div class=\"et_pb_column_6 et_pb_column et-last-child et_flex_column et_pb_css_mix_blend_mode_passthrough et_flex_column_12_24 et_flex_column_12_24_tablet et_flex_column_24_24_phone\">\r\n\r\n<div class=\"et_pb_text_2 et_pb_text et_pb_bg_layout_light et_pb_module et_flex_module\"><div class=\"et_pb_text_inner\" data-et-mv-hidden-phone=\"true\"><p><span>Cours de g\u00e9nie m\u00e9canique<\/span><\/p>\n<\/div><\/div>\r\n\r\n<div class=\"et_pb_row_5 et_pb_row et_pb_row_nested et_flex_row\">\r\n\r\n<div class=\"et_pb_column_7 et_pb_column et-last-child et_flex_column et_pb_css_mix_blend_mode_passthrough et_flex_column_24_24 et_flex_column_24_24_tablet et_flex_column_24_24_phone\">\r\n\r\n<div class=\"et_pb_code_0 et_pb_code et_pb_text_align_left-phone et_pb_module\"><div class=\"et_pb_code_inner\">\n<table id=\"tablepress-16\" class=\"tablepress tablepress-id-16\">\n<thead>\n<tr class=\"row-1\">\n\t<th class=\"column-1\">Description du cours<\/th><th class=\"column-2\">Heures de cr\u00e9dit<\/th>\n<\/tr>\n<\/thead>\n<tbody class=\"row-striping row-hover\">\n<tr class=\"row-2\">\n\t<td class=\"column-1\">Fabrication et soudage de chaudi\u00e8res<\/td><td class=\"column-2\">12 - 30<\/td>\n<\/tr>\n<tr class=\"row-3\">\n\t<td class=\"column-1\">M\u00e9canique automobile et \u00e9lectronique<\/td><td class=\"column-2\">12 - 30<\/td>\n<\/tr>\n<tr class=\"row-4\">\n\t<td class=\"column-1\">M\u00e9catronique<\/td><td class=\"column-2\">12 - 30<\/td>\n<\/tr>\n<tr class=\"row-5\">\n\t<td class=\"column-1\">Maintenance automobile apr\u00e8s-vente<\/td><td class=\"column-2\">12 - 30<\/td>\n<\/tr>\n<\/tbody>\n<\/table>\n<!-- #tablepress-16 from cache --><\/div><\/div><\/div><\/div><\/div><\/div><\/div>\r\n\r\n<div class=\"et_pb_section_5 et_pb_section et_section_regular et_flex_section\"><\/div>","protected":false},"excerpt":{"rendered":"","protected":false},"author":8,"featured_media":0,"parent":0,"menu_order":0,"comment_status":"closed","ping_status":"closed","template":"","meta":{"_et_pb_use_builder":"on","_et_pb_old_content":"","_et_gb_content_width":"","footnotes":""},"class_list":["post-238509","page","type-page","status-publish","hentry"],"_links":{"self":[{"href":"https:\/\/sikatech-institute.com\/fr\/wp-json\/wp\/v2\/pages\/238509","targetHints":{"allow":["GET"]}}],"collection":[{"href":"https:\/\/sikatech-institute.com\/fr\/wp-json\/wp\/v2\/pages"}],"about":[{"href":"https:\/\/sikatech-institute.com\/fr\/wp-json\/wp\/v2\/types\/page"}],"author":[{"embeddable":true,"href":"https:\/\/sikatech-institute.com\/fr\/wp-json\/wp\/v2\/users\/8"}],"replies":[{"embeddable":true,"href":"https:\/\/sikatech-institute.com\/fr\/wp-json\/wp\/v2\/comments?post=238509"}],"version-history":[{"count":5,"href":"https:\/\/sikatech-institute.com\/fr\/wp-json\/wp\/v2\/pages\/238509\/revisions"}],"predecessor-version":[{"id":238598,"href":"https:\/\/sikatech-institute.com\/fr\/wp-json\/wp\/v2\/pages\/238509\/revisions\/238598"}],"wp:attachment":[{"href":"https:\/\/sikatech-institute.com\/fr\/wp-json\/wp\/v2\/media?parent=238509"}],"curies":[{"name":"wp","href":"https:\/\/api.w.org\/{rel}","templated":true}]}}