{"id":238487,"date":"2026-01-20T13:20:21","date_gmt":"2026-01-20T18:20:21","guid":{"rendered":"https:\/\/sikatech-institute.com\/?page_id=238487"},"modified":"2026-01-20T17:31:09","modified_gmt":"2026-01-20T22:31:09","slug":"electrical-engineering","status":"publish","type":"page","link":"https:\/\/sikatech-institute.com\/fr\/electrical-engineering\/","title":{"rendered":"G\u00e9nie \u00e9lectrique"},"content":{"rendered":"<div class=\"et_pb_section_0 et_pb_section et_section_regular et_block_section\">\r\n\r\n<div class=\"et_pb_row_0 et_pb_row et_flex_row\">\r\n\r\n<div class=\"et_pb_column_0 et_pb_column et-last-child et_flex_column et_pb_css_mix_blend_mode_passthrough et_flex_column_24_24 et_flex_column_24_24_tablet et_flex_column_24_24_phone\">\r\n\r\n<div class=\"et_pb_heading_0 et_pb_heading et_pb_module et_flex_module\"><div class=\"et_pb_heading_container\"><h1 class=\"et_pb_module_header\">Ing\u00e9nierie \u00e9lectrique<\/h1><\/div><\/div><\/div><\/div><\/div>\r\n\r\n<div class=\"et_pb_section_1 et_pb_section et_section_regular et_flex_section\"><\/div>\r\n\r\n<div class=\"et_pb_section_2 et_pb_section et_section_regular et_flex_section\">\r\n\r\n<div class=\"et_pb_row_1 et_pb_row et_flex_row\">\r\n\r\n<div class=\"et_pb_column_1 et_pb_column et-last-child et_flex_column et_pb_css_mix_blend_mode_passthrough et_flex_column_24_24 et_flex_column_24_24_tablet et_flex_column_24_24_phone\">\r\n\r\n<div class=\"et_pb_heading_1 et_pb_heading et_pb_module et_flex_module\"><div class=\"et_pb_heading_container\"><h1 class=\"et_pb_module_header\">Facult\u00e9 d'ing\u00e9nierie<\/h1><\/div><\/div><\/div><\/div><\/div>\r\n\r\n<div class=\"et_pb_section_3 et_pb_section et_section_regular et_flex_section\">\r\n\r\n<div class=\"et_pb_row_2 et_pb_row et_flex_row\">\r\n\r\n<div class=\"et_pb_column_2 et_pb_column et_flex_column et_pb_css_mix_blend_mode_passthrough et_flex_column_12_24 et_flex_column_12_24_tablet et_flex_column_24_24_phone\">\r\n\r\n<div class=\"et_pb_text_0 et_pb_text et_pb_bg_layout_light et_pb_module et_flex_module\"><div class=\"et_pb_text_inner\"><h3 data-fontsize=\"24\" data-lineheight=\"27.6px\" class=\"fusion-responsive-typography-calculated\">Le d\u00e9partement d'ing\u00e9nierie propose les 4 programmes majeurs suivants :<\/h3>\n<p>&nbsp;<\/p>\n<ul>\n<li>G\u00e9nie civil<\/li>\n<li>Ing\u00e9nierie informatique<\/li>\n<li><strong>G\u00e9nie \u00e9lectrique<\/strong><\/li>\n<li>Ing\u00e9nierie m\u00e9canique et de production<\/li>\n<\/ul>\n<p><strong>Ce programme propose des dipl\u00f4mes HND et BSc. en g\u00e9nie \u00e9lectrique.<\/strong><\/p>\n<\/div><\/div><\/div>\r\n\r\n<div class=\"et_pb_column_3 et_pb_column et-last-child et_flex_column et_pb_css_mix_blend_mode_passthrough et_flex_column_12_24 et_flex_column_12_24_tablet et_flex_column_24_24_phone\">\r\n\r\n<div class=\"et_pb_text_1 et_pb_text et_pb_bg_layout_light et_pb_module et_flex_module\"><div class=\"et_pb_text_inner\"><p><span>Le programme d'ing\u00e9nierie \u00e9lectrique de Sikatech est le suivant <\/span>Ce programme est con\u00e7u pour les \u00e9tudiants ayant de solides bases en math\u00e9matiques et en physique et d\u00e9sireux d'explorer les principes de l'\u00e9lectricit\u00e9, de l'\u00e9lectronique et de l'\u00e9lectromagn\u00e9tisme. Les candidats doivent avoir termin\u00e9 leurs \u00e9tudes secondaires en obtenant des cr\u00e9dits dans les mati\u00e8res scientifiques de base, en particulier les math\u00e9matiques et la physique. Le programme attend des \u00e9tudiants qu'ils fassent preuve d'esprit d'analyse, de cr\u00e9ativit\u00e9 et qu'ils s'engagent \u00e0 relever les d\u00e9fis du monde r\u00e9el en mati\u00e8re d'\u00e9nergie et de technologie. Tout au long de la formation, les \u00e9tudiants acqui\u00e8rent une exp\u00e9rience pratique des syst\u00e8mes \u00e9lectriques, de l'ing\u00e9nierie de contr\u00f4le, de l'instrumentation et des technologies des \u00e9nergies renouvelables. Les dipl\u00f4m\u00e9s sont cens\u00e9s devenir des professionnels qualifi\u00e9s capables de concevoir, d'entretenir et d'innover des syst\u00e8mes \u00e9lectriques qui soutiennent l'infrastructure moderne et le d\u00e9veloppement industriel.<\/p>\n<\/div><\/div><\/div><\/div>\r\n\r\n<div class=\"et_pb_row_3 et_pb_row et_flex_row\">\r\n\r\n<div class=\"et_pb_column_4 et_pb_column et-last-child et_flex_column et_pb_css_mix_blend_mode_passthrough et_flex_column_24_24 et_flex_column_24_24_tablet et_flex_column_24_24_phone\">\r\n\r\n<div class=\"et_pb_module et_pb_button_module_wrapper et_pb_button_0_wrapper\"><a class=\"et_pb_button_0 et_pb_button et_pb_bg_layout_light et_pb_module et_flex_module\" href=\"\" data-icon=\"\ue001\">Postuler <\/a><\/div><\/div><\/div><\/div>\r\n\r\n<div class=\"et_pb_section_4 et_pb_section et_section_regular et_flex_section\">\r\n\r\n<div class=\"et_pb_row_4 et_pb_row et_flex_row\">\r\n\r\n<div class=\"et_pb_column_5 et_pb_column et_flex_column et_pb_css_mix_blend_mode_passthrough et_flex_column_12_24 et_flex_column_12_24_tablet et_flex_column_24_24_phone\">\r\n\r\n<div class=\"et_pb_image_0 et_pb_image et_pb_image_sticky_phone et_pb_module et_flex_module\"><span class=\"et_pb_image_wrap\"><img decoding=\"async\" data-src=\"https:\/\/sikatech-institute.com\/wp-content\/uploads\/2025\/09\/electrical.jpg\" title=\"\u00e9lectrique\" width=\"1280\" height=\"853\" data-srcset=\"https:\/\/sikatech-institute.com\/wp-content\/uploads\/2025\/09\/electrical.jpg 1280w, https:\/\/sikatech-institute.com\/wp-content\/uploads\/2025\/09\/electrical-980x653.jpg 980w, https:\/\/sikatech-institute.com\/wp-content\/uploads\/2025\/09\/electrical-480x320.jpg 480w\" data-sizes=\"(min-width: 0px) and (max-width: 480px) 480px, (min-width: 481px) and (max-width: 980px) 980px, (min-width: 981px) 1280px, 100vw\" class=\"wp-image-1955 lazyload\" src=\"data:image\/svg+xml;base64,PHN2ZyB3aWR0aD0iMSIgaGVpZ2h0PSIxIiB4bWxucz0iaHR0cDovL3d3dy53My5vcmcvMjAwMC9zdmciPjwvc3ZnPg==\" style=\"--smush-placeholder-width: 1280px; --smush-placeholder-aspect-ratio: 1280\/853;\" \/><\/span><\/div><\/div>\r\n\r\n<div class=\"et_pb_column_6 et_pb_column et-last-child et_flex_column et_pb_css_mix_blend_mode_passthrough et_flex_column_12_24 et_flex_column_12_24_tablet et_flex_column_24_24_phone\">\r\n\r\n<div class=\"et_pb_text_2 et_pb_text et_pb_bg_layout_light et_pb_module et_flex_module\"><div class=\"et_pb_text_inner\" data-et-mv-hidden-phone=\"true\"><p><span>Cours de g\u00e9nie \u00e9lectrique<\/span><\/p>\n<\/div><\/div>\r\n\r\n<div class=\"et_pb_row_5 et_pb_row et_pb_row_nested et_flex_row\">\r\n\r\n<div class=\"et_pb_column_7 et_pb_column et-last-child et_flex_column et_pb_css_mix_blend_mode_passthrough et_flex_column_24_24 et_flex_column_24_24_tablet et_flex_column_24_24_phone\">\r\n\r\n<div class=\"et_pb_code_0 et_pb_code et_pb_text_align_left-phone et_pb_module\"><div class=\"et_pb_code_inner\">\n<table id=\"tablepress-15\" class=\"tablepress tablepress-id-15\">\n<thead>\n<tr class=\"row-1\">\n\t<th class=\"column-1\">Description du cours<\/th><th class=\"column-2\">Heures de cr\u00e9dit<\/th>\n<\/tr>\n<\/thead>\n<tbody class=\"row-striping row-hover\">\n<tr class=\"row-2\">\n\t<td class=\"column-1\">\u00c9lectronique<\/td><td class=\"column-2\">12 - 30<\/td>\n<\/tr>\n<tr class=\"row-3\">\n\t<td class=\"column-1\">Maintenance des \u00e9quipements biom\u00e9dicaux<\/td><td class=\"column-2\">12 - 30<\/td>\n<\/tr>\n<\/tbody>\n<\/table>\n<!-- #tablepress-15 from cache --><\/div><\/div><\/div><\/div><\/div><\/div><\/div>\r\n\r\n<div class=\"et_pb_section_5 et_pb_section et_section_regular et_flex_section\"><\/div>","protected":false},"excerpt":{"rendered":"","protected":false},"author":8,"featured_media":0,"parent":0,"menu_order":0,"comment_status":"closed","ping_status":"closed","template":"","meta":{"_et_pb_use_builder":"on","_et_pb_old_content":"","_et_gb_content_width":"","footnotes":""},"class_list":["post-238487","page","type-page","status-publish","hentry"],"_links":{"self":[{"href":"https:\/\/sikatech-institute.com\/fr\/wp-json\/wp\/v2\/pages\/238487","targetHints":{"allow":["GET"]}}],"collection":[{"href":"https:\/\/sikatech-institute.com\/fr\/wp-json\/wp\/v2\/pages"}],"about":[{"href":"https:\/\/sikatech-institute.com\/fr\/wp-json\/wp\/v2\/types\/page"}],"author":[{"embeddable":true,"href":"https:\/\/sikatech-institute.com\/fr\/wp-json\/wp\/v2\/users\/8"}],"replies":[{"embeddable":true,"href":"https:\/\/sikatech-institute.com\/fr\/wp-json\/wp\/v2\/comments?post=238487"}],"version-history":[{"count":5,"href":"https:\/\/sikatech-institute.com\/fr\/wp-json\/wp\/v2\/pages\/238487\/revisions"}],"predecessor-version":[{"id":238593,"href":"https:\/\/sikatech-institute.com\/fr\/wp-json\/wp\/v2\/pages\/238487\/revisions\/238593"}],"wp:attachment":[{"href":"https:\/\/sikatech-institute.com\/fr\/wp-json\/wp\/v2\/media?parent=238487"}],"curies":[{"name":"wp","href":"https:\/\/api.w.org\/{rel}","templated":true}]}}