{"id":238461,"date":"2026-01-20T12:44:46","date_gmt":"2026-01-20T17:44:46","guid":{"rendered":"https:\/\/sikatech-institute.com\/?page_id=238461"},"modified":"2026-01-20T18:58:13","modified_gmt":"2026-01-20T23:58:13","slug":"computer-engineering","status":"publish","type":"page","link":"https:\/\/sikatech-institute.com\/fr\/computer-engineering\/","title":{"rendered":"Ing\u00e9nierie informatique"},"content":{"rendered":"<div class=\"et_pb_section_0 et_pb_section et_section_regular et_block_section\">\r\n\r\n<div class=\"et_pb_row_0 et_pb_row et_flex_row\">\r\n\r\n<div class=\"et_pb_column_0 et_pb_column et-last-child et_flex_column et_pb_css_mix_blend_mode_passthrough et_flex_column_24_24 et_flex_column_24_24_tablet et_flex_column_24_24_phone\">\r\n\r\n<div class=\"et_pb_heading_0 et_pb_heading et_pb_module et_flex_module\"><div class=\"et_pb_heading_container\"><h1 class=\"et_pb_module_header\">Ing\u00e9nierie informatique<\/h1><\/div><\/div><\/div><\/div><\/div>\r\n\r\n<div class=\"et_pb_section_1 et_pb_section et_section_regular et_flex_section\"><\/div>\r\n\r\n<div class=\"et_pb_section_2 et_pb_section et_section_regular et_flex_section\">\r\n\r\n<div class=\"et_pb_row_1 et_pb_row et_flex_row\">\r\n\r\n<div class=\"et_pb_column_1 et_pb_column et-last-child et_flex_column et_pb_css_mix_blend_mode_passthrough et_flex_column_24_24 et_flex_column_24_24_tablet et_flex_column_24_24_phone\">\r\n\r\n<div class=\"et_pb_heading_1 et_pb_heading et_pb_module et_flex_module\"><div class=\"et_pb_heading_container\"><h1 class=\"et_pb_module_header\">Facult\u00e9 d'ing\u00e9nierie<\/h1><\/div><\/div><\/div><\/div><\/div>\r\n\r\n<div class=\"et_pb_section_3 et_pb_section et_section_regular et_flex_section\">\r\n\r\n<div class=\"et_pb_row_2 et_pb_row et_flex_row\">\r\n\r\n<div class=\"et_pb_column_2 et_pb_column et_flex_column et_pb_css_mix_blend_mode_passthrough et_flex_column_12_24 et_flex_column_12_24_tablet et_flex_column_24_24_phone\">\r\n\r\n<div class=\"et_pb_text_0 et_pb_text et_pb_bg_layout_light et_pb_module et_flex_module\"><div class=\"et_pb_text_inner\"><h3 data-fontsize=\"24\" data-lineheight=\"27.6px\" class=\"fusion-responsive-typography-calculated\">Le d\u00e9partement d'ing\u00e9nierie propose les 4 programmes majeurs suivants :<\/h3>\n<p>&nbsp;<\/p>\n<ul>\n<li>G\u00e9nie civil<\/li>\n<li><strong>Ing\u00e9nierie informatique<\/strong><\/li>\n<li>G\u00e9nie \u00e9lectrique<\/li>\n<li>Ing\u00e9nierie m\u00e9canique et de production<\/li>\n<\/ul>\n<p><strong>Ce programme propose des dipl\u00f4mes HND et BSc. en ing\u00e9nierie informatique.<\/strong><\/p>\n<\/div><\/div><\/div>\r\n\r\n<div class=\"et_pb_column_3 et_pb_column et-last-child et_flex_column et_pb_css_mix_blend_mode_passthrough et_flex_column_12_24 et_flex_column_12_24_tablet et_flex_column_24_24_phone\">\r\n\r\n<div class=\"et_pb_text_1 et_pb_text et_pb_bg_layout_light et_pb_module et_flex_module\"><div class=\"et_pb_text_inner\"><p><span>Le programme d'ing\u00e9nierie informatique est con\u00e7u pour les \u00e9tudiants qui ont un int\u00e9r\u00eat marqu\u00e9 pour les math\u00e9matiques, les sciences et la r\u00e9solution de probl\u00e8mes, et qui aspirent \u00e0 construire et \u00e0 innover dans des domaines tels que les syst\u00e8mes informatiques, le d\u00e9veloppement de logiciels, les syst\u00e8mes embarqu\u00e9s et l'\u00e9lectronique num\u00e9rique. Les candidats doivent avoir termin\u00e9 leurs \u00e9tudes secondaires avec de solides bases en math\u00e9matiques et en physique, et faire preuve d'un esprit analytique et d'une curiosit\u00e9 technique. Tout au long du programme, les \u00e9tudiants seront form\u00e9s \u00e0 la conception, au d\u00e9veloppement et \u00e0 la maintenance de syst\u00e8mes mat\u00e9riels et logiciels, ce qui les pr\u00e9parera \u00e0 des carri\u00e8res dans des secteurs tels que les t\u00e9l\u00e9communications, la robotique, l'intelligence artificielle et la cybers\u00e9curit\u00e9. Les dipl\u00f4m\u00e9s sont cens\u00e9s devenir des ing\u00e9nieurs comp\u00e9tents, capables de relever les d\u00e9fis technologiques du monde r\u00e9el gr\u00e2ce \u00e0 l'innovation, \u00e0 la collaboration et \u00e0 des pratiques d'ing\u00e9nierie \u00e9thiques<\/span><\/p>\n<\/div><\/div><\/div><\/div>\r\n\r\n<div class=\"et_pb_row_3 et_pb_row et_flex_row\">\r\n\r\n<div class=\"et_pb_column_4 et_pb_column et-last-child et_flex_column et_pb_css_mix_blend_mode_passthrough et_flex_column_24_24 et_flex_column_24_24_tablet et_flex_column_24_24_phone\">\r\n\r\n<div class=\"et_pb_module et_pb_button_module_wrapper et_pb_button_0_wrapper\"><a class=\"et_pb_button_0 et_pb_button et_pb_bg_layout_light et_pb_module et_flex_module\" href=\"\" data-icon=\"\ue001\">Postuler <\/a><\/div><\/div><\/div><\/div>\r\n\r\n<div class=\"et_pb_section_4 et_pb_section et_section_regular et_flex_section\">\r\n\r\n<div class=\"et_pb_row_4 et_pb_row et_flex_row\">\r\n\r\n<div class=\"et_pb_column_5 et_pb_column et_flex_column et_pb_css_mix_blend_mode_passthrough et_flex_column_12_24 et_flex_column_12_24_tablet et_flex_column_24_24_phone\">\r\n\r\n<div class=\"et_pb_image_0 et_pb_image et_pb_image_sticky_phone et_pb_module et_flex_module\"><span class=\"et_pb_image_wrap\"><img decoding=\"async\" data-src=\"https:\/\/sikatech-institute.com\/wp-content\/uploads\/2025\/09\/d-koi-Fc1GBkmV-Dw-unsplash-scaled-e1751561282725.jpg\" width=\"1028\" height=\"579\" data-srcset=\"https:\/\/sikatech-institute.com\/wp-content\/uploads\/2025\/09\/d-koi-Fc1GBkmV-Dw-unsplash-scaled-e1751561282725.jpg 1028w, https:\/\/sikatech-institute.com\/wp-content\/uploads\/2025\/09\/d-koi-Fc1GBkmV-Dw-unsplash-scaled-e1751561282725-980x552.jpg 980w, https:\/\/sikatech-institute.com\/wp-content\/uploads\/2025\/09\/d-koi-Fc1GBkmV-Dw-unsplash-scaled-e1751561282725-480x270.jpg 480w\" data-sizes=\"(min-width: 0px) and (max-width: 480px) 480px, (min-width: 481px) and (max-width: 980px) 980px, (min-width: 981px) 1028px, 100vw\" class=\"wp-image-2006 lazyload\" title=\"g\u00e9nie civil\" src=\"data:image\/svg+xml;base64,PHN2ZyB3aWR0aD0iMSIgaGVpZ2h0PSIxIiB4bWxucz0iaHR0cDovL3d3dy53My5vcmcvMjAwMC9zdmciPjwvc3ZnPg==\" style=\"--smush-placeholder-width: 1028px; --smush-placeholder-aspect-ratio: 1028\/579;\" \/><\/span><\/div><\/div>\r\n\r\n<div class=\"et_pb_column_6 et_pb_column et-last-child et_flex_column et_pb_css_mix_blend_mode_passthrough et_flex_column_12_24 et_flex_column_12_24_tablet et_flex_column_24_24_phone\">\r\n\r\n<div class=\"et_pb_text_2 et_pb_text et_pb_bg_layout_light et_pb_module et_flex_module\"><div class=\"et_pb_text_inner\" data-et-mv-hidden-phone=\"true\"><p><span>Cours d'ing\u00e9nierie informatique\u00a0<\/span><\/p>\n<\/div><\/div>\r\n\r\n<div class=\"et_pb_row_5 et_pb_row et_pb_row_nested et_flex_row\">\r\n\r\n<div class=\"et_pb_column_7 et_pb_column et-last-child et_flex_column et_pb_css_mix_blend_mode_passthrough et_flex_column_24_24 et_flex_column_24_24_tablet et_flex_column_24_24_phone\">\r\n\r\n<div class=\"et_pb_code_0 et_pb_code et_pb_text_align_left-phone et_pb_module\"><div class=\"et_pb_code_inner\">\n<table id=\"tablepress-14\" class=\"tablepress tablepress-id-14\">\n<thead>\n<tr class=\"row-1\">\n\t<th class=\"column-1\">Description du cours<\/th><th class=\"column-2\">Heures de cr\u00e9dit<\/th>\n<\/tr>\n<\/thead>\n<tbody class=\"row-striping row-hover\">\n<tr class=\"row-2\">\n\t<td class=\"column-1\">G\u00e9nie logiciel<\/td><td class=\"column-2\">12 - 30<\/td>\n<\/tr>\n<tr class=\"row-3\">\n\t<td class=\"column-1\">Maintenance des syst\u00e8mes informatiques<\/td><td class=\"column-2\">12 - 30<\/td>\n<\/tr>\n<tr class=\"row-4\">\n\t<td class=\"column-1\">Informatique industrielle Automatisation<\/td><td class=\"column-2\">12 - 30<\/td>\n<\/tr>\n<\/tbody>\n<\/table>\n<!-- #tablepress-14 from cache --><\/div><\/div><\/div><\/div><\/div><\/div><\/div>\r\n\r\n<div class=\"et_pb_section_5 et_pb_section et_section_regular et_flex_section\"><\/div>","protected":false},"excerpt":{"rendered":"","protected":false},"author":8,"featured_media":0,"parent":0,"menu_order":0,"comment_status":"closed","ping_status":"closed","template":"","meta":{"_et_pb_use_builder":"on","_et_pb_old_content":"","_et_gb_content_width":"","footnotes":""},"class_list":["post-238461","page","type-page","status-publish","hentry"],"_links":{"self":[{"href":"https:\/\/sikatech-institute.com\/fr\/wp-json\/wp\/v2\/pages\/238461","targetHints":{"allow":["GET"]}}],"collection":[{"href":"https:\/\/sikatech-institute.com\/fr\/wp-json\/wp\/v2\/pages"}],"about":[{"href":"https:\/\/sikatech-institute.com\/fr\/wp-json\/wp\/v2\/types\/page"}],"author":[{"embeddable":true,"href":"https:\/\/sikatech-institute.com\/fr\/wp-json\/wp\/v2\/users\/8"}],"replies":[{"embeddable":true,"href":"https:\/\/sikatech-institute.com\/fr\/wp-json\/wp\/v2\/comments?post=238461"}],"version-history":[{"count":5,"href":"https:\/\/sikatech-institute.com\/fr\/wp-json\/wp\/v2\/pages\/238461\/revisions"}],"predecessor-version":[{"id":238616,"href":"https:\/\/sikatech-institute.com\/fr\/wp-json\/wp\/v2\/pages\/238461\/revisions\/238616"}],"wp:attachment":[{"href":"https:\/\/sikatech-institute.com\/fr\/wp-json\/wp\/v2\/media?parent=238461"}],"curies":[{"name":"wp","href":"https:\/\/api.w.org\/{rel}","templated":true}]}}