{"id":18,"date":"2025-07-17T21:57:37","date_gmt":"2025-07-18T01:57:37","guid":{"rendered":"https:\/\/sikatech-institute.com\/?page_id=18"},"modified":"2026-01-28T17:43:47","modified_gmt":"2026-01-28T16:43:47","slug":"about","status":"publish","type":"page","link":"https:\/\/sikatech-institute.com\/fr\/about\/","title":{"rendered":"A propos de"},"content":{"rendered":"<div class=\"et_pb_section_0 et_pb_section et_section_regular et_block_section\"><\/div>\r\n\r\n<div class=\"et_pb_section_1 et_pb_section et_section_regular et_flex_section\">\r\n\r\n<div class=\"et_pb_row_0 et_pb_row et_flex_row\">\r\n\r\n<div class=\"et_pb_column_0 et_pb_column et_flex_column et_pb_css_mix_blend_mode_passthrough et_flex_column_12_24 et_flex_column_12_24_tablet et_flex_column_24_24_phone\">\r\n\r\n<div class=\"et_pb_heading_0 et_pb_heading et_pb_module et_block_module\"><div class=\"et_pb_heading_container\"><h3 class=\"et_pb_module_header\">Qui sommes-nous ?<\/h3><\/div><\/div>\r\n\r\n<div class=\"et_pb_image_0 et_pb_image et_pb_module et_block_module\"><span class=\"et_pb_image_wrap\"><img decoding=\"async\" data-src=\"https:\/\/sikatech-institute.com\/wp-content\/uploads\/2025\/09\/WhatsApp-Image-2025-09-02-at-17.00.55-e1756848813793.jpeg\" width=\"608\" height=\"855\" data-srcset=\"https:\/\/sikatech-institute.com\/wp-content\/uploads\/2025\/09\/WhatsApp-Image-2025-09-02-at-17.00.55-e1756848813793.jpeg 608w, https:\/\/sikatech-institute.com\/wp-content\/uploads\/2025\/09\/WhatsApp-Image-2025-09-02-at-17.00.55-e1756848813793-480x675.jpeg 480w\" data-sizes=\"(min-width: 0px) and (max-width: 480px) 480px, (min-width: 481px) 608px, 100vw\" class=\"wp-image-1944 lazyload\" src=\"data:image\/svg+xml;base64,PHN2ZyB3aWR0aD0iMSIgaGVpZ2h0PSIxIiB4bWxucz0iaHR0cDovL3d3dy53My5vcmcvMjAwMC9zdmciPjwvc3ZnPg==\" style=\"--smush-placeholder-width: 608px; --smush-placeholder-aspect-ratio: 608\/855;\" \/><\/span><\/div><\/div>\r\n\r\n<div class=\"et_pb_column_1 et_pb_column et-last-child et_flex_column et_pb_css_mix_blend_mode_passthrough et_flex_column_12_24 et_flex_column_12_24_tablet et_flex_column_24_24_phone\">\r\n\r\n<div class=\"et_pb_text_0 et_pb_text et_pb_bg_layout_light et_pb_module et_block_module\"><div class=\"et_pb_text_inner\"><div class=\"fusion-text fusion-text-1\">\n<p>Bienvenue \u00e0 Sikatech Institute of Technology, o\u00f9 la connaissance rencontre l'inspiration et o\u00f9 le parcours \u00e9ducatif de chacun est valoris\u00e9. Fond\u00e9e en 2023, notre institution est depuis deux ans un bastion de l'apprentissage, de l'innovation et de la communaut\u00e9.<\/p>\n<\/div>\n<div class=\"fusion-text fusion-text-2\">\n<p>Fond\u00e9 sur les principes de l'innovation et de l'excellence, Sikatech Institute of Technology s'efforce de cr\u00e9er un environnement d'apprentissage dynamique o\u00f9 les \u00e9tudiants peuvent s'\u00e9panouir et devenir des leaders dans leur domaine. Notre engagement \u00e0 int\u00e9grer la technologie et les applications du monde r\u00e9el garantit que nos dipl\u00f4m\u00e9s sont non seulement comp\u00e9tents, mais aussi pr\u00e9par\u00e9s \u00e0 apporter des contributions significatives \u00e0 l'industrie.<\/p>\n<\/div>\n<\/div><\/div>\r\n\r\n<div class=\"et_pb_image_1 et_pb_image et_pb_module et_block_module\"><span class=\"et_pb_image_wrap\"><img decoding=\"async\" data-src=\"https:\/\/sikatech-institute.com\/wp-content\/uploads\/2025\/09\/upholstery-4809588_1280.jpg\" width=\"1280\" height=\"853\" data-srcset=\"https:\/\/sikatech-institute.com\/wp-content\/uploads\/2025\/09\/upholstery-4809588_1280.jpg 1280w, https:\/\/sikatech-institute.com\/wp-content\/uploads\/2025\/09\/upholstery-4809588_1280-980x653.jpg 980w, https:\/\/sikatech-institute.com\/wp-content\/uploads\/2025\/09\/upholstery-4809588_1280-480x320.jpg 480w\" data-sizes=\"(min-width: 0px) and (max-width: 480px) 480px, (min-width: 481px) and (max-width: 980px) 980px, (min-width: 981px) 1280px, 100vw\" class=\"wp-image-1997 lazyload\" src=\"data:image\/svg+xml;base64,PHN2ZyB3aWR0aD0iMSIgaGVpZ2h0PSIxIiB4bWxucz0iaHR0cDovL3d3dy53My5vcmcvMjAwMC9zdmciPjwvc3ZnPg==\" style=\"--smush-placeholder-width: 1280px; --smush-placeholder-aspect-ratio: 1280\/853;\" \/><\/span><\/div><\/div><\/div><\/div>\r\n\r\n<div class=\"et_pb_section_2 et_pb_section et_section_specialty et_pb_equal_columns et_pb_gutters1 et_block_section\"><div class=\"et_pb_row et_block_row\">\r\n\r\n<div class=\"et_pb_column_2 et_pb_column et_pb_column_single et_pb_column_1_2 et_block_column et_pb_css_mix_blend_mode_passthrough\">\r\n\r\n<div class=\"et_pb_divider_0 et_pb_divider_hidden et_pb_space et_pb_divider_position_top et_pb_module\"><div class=\"et_pb_divider_internal\"><\/div><\/div><\/div>\r\n\r\n<div class=\"et_pb_column_3 et_pb_column et_pb_specialty_column et_pb_column_1_2 et-last-child et_block_column et_pb_css_mix_blend_mode_passthrough\">\r\n\r\n<div class=\"et_pb_row_inner_0 et_pb_row_inner et_block_row\">\r\n\r\n<div class=\"et_pb_column_inner_0 et_pb_column_inner et_pb_column et_pb_column_4_4 et-last-child et_block_column et_pb_css_mix_blend_mode_passthrough\">\r\n\r\n<div class=\"et_pb_text_1 et_pb_text et_pb_bg_layout_dark et_pb_module et_block_module preset--module--divi-text--b327cbe4-b1d5-4b66-ad37-40c8f2f061ba\"><div class=\"et_pb_text_inner\"><h2>Rejoignez des milliers d'\u00e9tudiants<\/h2>\n<\/div><\/div>\r\n\r\n<div class=\"et_pb_text_2 et_pb_text et_pb_bg_layout_dark et_pb_module et_block_module preset--module--divi-text--9r121ziwc5\"><div class=\"et_pb_text_inner\"><p><span>Nous proposons une gamme de formations dans divers domaines et pouvons offrir des possibilit\u00e9s d'apprentissage mixte pour r\u00e9pondre au mieux \u00e0 vos besoins. Si le fait d'\u00eatre assis dans une salle avec un formateur et d'avoir la possibilit\u00e9 de discuter avec d'autres apprenants vous convient, nous pouvons vous le proposer. Si vous \u00eates suffisamment nombreux \u00e0 vouloir suivre le m\u00eame cours.<\/span><\/p>\n<\/div><\/div><\/div><\/div><\/div><\/div><\/div>\r\n\r\n<div class=\"et_pb_section_3 et_pb_section et_section_regular et_block_section\">\r\n\r\n<div class=\"et_pb_row_1 et_pb_row et_block_row\">\r\n\r\n<div class=\"et_pb_column_4 et_pb_column et_pb_column_1_2 et_block_column et_pb_css_mix_blend_mode_passthrough\">\r\n\r\n<section class=\"et_pb_fullwidth_header_0 et_pb_fullwidth_header et_pb_header_with_image et_pb_bg_layout_dark et_pb_text_align_left et_pb_module et_flex_module\"><div class=\"et_pb_fullwidth_header_container left\"><div class=\"header-content-container center\"><div class=\"header-content et_flex_module\"><h2 class=\"et_pb_module_header\">Nous proposons un large \u00e9ventail de programmes dipl\u00f4mants et certifiants<\/h2><div class=\"et_pb_header_button_wrapper\"><\/div><\/div><\/div><div class=\"header-image-container center\"><div class=\"header-image\"><img decoding=\"async\" data-src=\"https:\/\/sikatech-institute.com\/wp-content\/uploads\/2025\/09\/IMG_4158-scaled-e1753810431196.jpg\" title=\"Scolarite\" width=\"1920\" height=\"2120\" data-srcset=\"https:\/\/sikatech-institute.com\/wp-content\/uploads\/2025\/09\/IMG_4158-scaled-e1753810431196.jpg 1920w, https:\/\/sikatech-institute.com\/wp-content\/uploads\/2025\/09\/IMG_4158-scaled-e1753810431196-1280x1413.jpg 1280w, https:\/\/sikatech-institute.com\/wp-content\/uploads\/2025\/09\/IMG_4158-scaled-e1753810431196-980x1082.jpg 980w, https:\/\/sikatech-institute.com\/wp-content\/uploads\/2025\/09\/IMG_4158-scaled-e1753810431196-480x530.jpg 480w\" data-sizes=\"(min-width: 0px) and (max-width: 480px) 480px, (min-width: 481px) and (max-width: 980px) 980px, (min-width: 981px) and (max-width: 1280px) 1280px, (min-width: 1281px) 1920px, 100vw\" class=\"wp-image-2023 lazyload\" src=\"data:image\/svg+xml;base64,PHN2ZyB3aWR0aD0iMSIgaGVpZ2h0PSIxIiB4bWxucz0iaHR0cDovL3d3dy53My5vcmcvMjAwMC9zdmciPjwvc3ZnPg==\" style=\"--smush-placeholder-width: 1920px; --smush-placeholder-aspect-ratio: 1920\/2120;\" \/><\/div><\/div><\/div><div class=\"et_pb_fullwidth_header_overlay\"><\/div><div class=\"et_pb_fullwidth_header_scroll\"><\/div><\/section>\r\n\r\n<div class=\"et_pb_image_2 et_pb_image et_pb_module et_block_module\"><\/div><\/div>\r\n\r\n<div class=\"et_pb_column_5 et_pb_column et_pb_column_1_2 et-last-child et_block_column et_pb_css_mix_blend_mode_passthrough\">\r\n\r\n<div class=\"et_pb_blurb_0 et_pb_blurb et_pb_bg_layout_light et_pb_blurb_position_top et_pb_module et_block_module preset--module--divi-blurb--dd082a3a-93fd-48d2-b87d-037d6bf59722\"><div class=\"et_pb_blurb_content\"><div class=\"et_pb_blurb_container\"><h4 class=\"et_pb_module_header\">Technologie de pointe<\/h4><div class=\"et_pb_blurb_description\"><p><span>D\u00e9couvrez un parcours d\u2019apprentissage stimulant, alliant savoir, pratique et innovation, pour d\u00e9velopper les comp\u00e9tences les plus recherch\u00e9es sur le march\u00e9 de l\u2019emploi.<\/span><\/p>\n<\/div><\/div><\/div><\/div>\r\n\r\n<div class=\"et_pb_blurb_1 et_pb_blurb et_pb_bg_layout_light et_pb_blurb_position_top et_pb_module et_block_module preset--module--divi-blurb--dd082a3a-93fd-48d2-b87d-037d6bf59722\"><div class=\"et_pb_blurb_content\"><div class=\"et_pb_blurb_container\"><h4 class=\"et_pb_module_header\">Des programmes diversifi\u00e9s<\/h4><div class=\"et_pb_blurb_description\"><p><span>Apprenez dans un cadre technologique de pointe, pens\u00e9 pour favoriser la r\u00e9ussite et l\u2019\u00e9panouissement de chaque \u00e9tudiant.<\/span><\/p>\n<\/div><\/div><\/div><\/div>\r\n\r\n<div class=\"et_pb_blurb_2 et_pb_blurb et_pb_bg_layout_light et_pb_blurb_position_top et_pb_module et_block_module preset--module--divi-blurb--dd082a3a-93fd-48d2-b87d-037d6bf59722\"><div class=\"et_pb_blurb_content\"><div class=\"et_pb_blurb_container\"><h4 class=\"et_pb_module_header\">Excellence et innovation acad\u00e9miques<\/h4><div class=\"et_pb_blurb_description\"><p><span>Nos formations sont con\u00e7ues en \u00e9troite collaboration avec les acteurs du secteur afin de r\u00e9pondre aux besoins d\u2019un monde technologique en constante \u00e9volution.<\/span><\/p>\n<\/div><\/div><\/div><\/div><\/div><\/div><\/div>","protected":false},"excerpt":{"rendered":"","protected":false},"author":8,"featured_media":0,"parent":0,"menu_order":0,"comment_status":"closed","ping_status":"closed","template":"","meta":{"_et_pb_use_builder":"on","_et_pb_old_content":"","_et_gb_content_width":"","footnotes":""},"class_list":["post-18","page","type-page","status-publish","hentry"],"_links":{"self":[{"href":"https:\/\/sikatech-institute.com\/fr\/wp-json\/wp\/v2\/pages\/18","targetHints":{"allow":["GET"]}}],"collection":[{"href":"https:\/\/sikatech-institute.com\/fr\/wp-json\/wp\/v2\/pages"}],"about":[{"href":"https:\/\/sikatech-institute.com\/fr\/wp-json\/wp\/v2\/types\/page"}],"author":[{"embeddable":true,"href":"https:\/\/sikatech-institute.com\/fr\/wp-json\/wp\/v2\/users\/8"}],"replies":[{"embeddable":true,"href":"https:\/\/sikatech-institute.com\/fr\/wp-json\/wp\/v2\/comments?post=18"}],"version-history":[{"count":5,"href":"https:\/\/sikatech-institute.com\/fr\/wp-json\/wp\/v2\/pages\/18\/revisions"}],"predecessor-version":[{"id":238687,"href":"https:\/\/sikatech-institute.com\/fr\/wp-json\/wp\/v2\/pages\/18\/revisions\/238687"}],"wp:attachment":[{"href":"https:\/\/sikatech-institute.com\/fr\/wp-json\/wp\/v2\/media?parent=18"}],"curies":[{"name":"wp","href":"https:\/\/api.w.org\/{rel}","templated":true}]}}