{"id":149,"date":"2025-08-11T20:55:37","date_gmt":"2025-08-12T00:55:37","guid":{"rendered":"https:\/\/sikatech-institute.com\/?page_id=149"},"modified":"2026-01-20T17:03:58","modified_gmt":"2026-01-20T22:03:58","slug":"financial-aid","status":"publish","type":"page","link":"https:\/\/sikatech-institute.com\/fr\/financial-aid\/","title":{"rendered":"Aide financi\u00e8re"},"content":{"rendered":"<div class=\"et_pb_section_0 et_pb_section et_section_regular et_block_section\"><\/div>\r\n\r\n<div class=\"et_pb_section_1 et_pb_section et_section_regular et_block_section\">\r\n\r\n<div class=\"et_pb_row_0 et_pb_row et_flex_row\">\r\n\r\n<div class=\"et_pb_column_0 et_pb_column et-last-child et_flex_column et_pb_css_mix_blend_mode_passthrough et_flex_column_24_24 et_flex_column_24_24_tablet et_flex_column_24_24_phone\">\r\n\r\n<div class=\"et_pb_heading_0 et_pb_heading et_pb_module et_block_module\"><div class=\"et_pb_heading_container\"><h2 class=\"et_pb_module_header\">Possibilit\u00e9s d'aide financi\u00e8re chez Sikatech<\/h2><\/div><\/div><\/div><\/div>\r\n\r\n<div class=\"et_pb_row_1 et_pb_row et_flex_row\">\r\n\r\n<div class=\"et_pb_column_1 et_pb_column et-last-child et_flex_column et_pb_css_mix_blend_mode_passthrough et_flex_column_24_24 et_flex_column_24_24_tablet et_flex_column_24_24_phone\">\r\n\r\n<div class=\"et_pb_text_0 et_pb_text et_pb_bg_layout_light et_pb_module et_block_module\"><div class=\"et_pb_text_inner\"><p><span>Chez Sikatech, nous nous engageons \u00e0 soutenir l'excellence acad\u00e9mique et \u00e0 veiller \u00e0 ce que les \u00e9tudiants m\u00e9ritants aient acc\u00e8s \u00e0 une \u00e9ducation de qualit\u00e9. Par le biais d'une s\u00e9rie de bourses d'\u00e9tudes ou de subventions, nous visons \u00e0 reconna\u00eetre et \u00e0 r\u00e9compenser les r\u00e9alisations exceptionnelles. D\u00e9couvrez les diff\u00e9rentes bourses disponibles :<\/span><\/p>\n<\/div><\/div><\/div><\/div><\/div>\r\n\r\n<div class=\"et_pb_section_2 et_pb_section et_section_regular et_flex_section\">\r\n\r\n<div class=\"et_pb_row_2 et_pb_row et_flex_row\">\r\n\r\n<div class=\"et_pb_column_2 et_pb_column et_flex_column et_pb_css_mix_blend_mode_passthrough et_flex_column_12_24 et_flex_column_12_24_tablet et_flex_column_24_24_phone\">\r\n\r\n<div class=\"et_pb_image_0 et_pb_image et_pb_module et_flex_module\"><span class=\"et_pb_image_wrap\"><img decoding=\"async\" data-src=\"https:\/\/sikatech-institute.com\/wp-content\/uploads\/2025\/12\/WhatsApp-Image-2025-11-29-at-04.45.22.jpeg\" width=\"1080\" height=\"720\" data-srcset=\"https:\/\/sikatech-institute.com\/wp-content\/uploads\/2025\/12\/WhatsApp-Image-2025-11-29-at-04.45.22.jpeg 1080w, https:\/\/sikatech-institute.com\/wp-content\/uploads\/2025\/12\/WhatsApp-Image-2025-11-29-at-04.45.22-980x653.jpeg 980w, https:\/\/sikatech-institute.com\/wp-content\/uploads\/2025\/12\/WhatsApp-Image-2025-11-29-at-04.45.22-480x320.jpeg 480w\" data-sizes=\"(min-width: 0px) and (max-width: 480px) 480px, (min-width: 481px) and (max-width: 980px) 980px, (min-width: 981px) 1080px, 100vw\" class=\"wp-image-223163 lazyload\" src=\"data:image\/svg+xml;base64,PHN2ZyB3aWR0aD0iMSIgaGVpZ2h0PSIxIiB4bWxucz0iaHR0cDovL3d3dy53My5vcmcvMjAwMC9zdmciPjwvc3ZnPg==\" style=\"--smush-placeholder-width: 1080px; --smush-placeholder-aspect-ratio: 1080\/720;\" \/><\/span><\/div><\/div>\r\n\r\n<div class=\"et_pb_column_3 et_pb_column et-last-child et_flex_column et_pb_css_mix_blend_mode_passthrough et_flex_column_12_24 et_flex_column_12_24_tablet et_flex_column_24_24_phone\">\r\n\r\n<div class=\"et_pb_image_1 et_pb_image et_pb_module et_flex_module\"><span class=\"et_pb_image_wrap\"><img decoding=\"async\" data-src=\"https:\/\/sikatech-institute.com\/wp-content\/uploads\/2025\/09\/IMG_4309-scaled-e1753977860475.jpg\" title=\"Histoires de r\u00e9ussite\" width=\"1024\" height=\"613\" data-srcset=\"https:\/\/sikatech-institute.com\/wp-content\/uploads\/2025\/09\/IMG_4309-scaled-e1753977860475.jpg 1024w, https:\/\/sikatech-institute.com\/wp-content\/uploads\/2025\/09\/IMG_4309-scaled-e1753977860475-980x587.jpg 980w, https:\/\/sikatech-institute.com\/wp-content\/uploads\/2025\/09\/IMG_4309-scaled-e1753977860475-480x287.jpg 480w\" data-sizes=\"(min-width: 0px) and (max-width: 480px) 480px, (min-width: 481px) and (max-width: 980px) 980px, (min-width: 981px) 1024px, 100vw\" class=\"wp-image-2021 lazyload\" src=\"data:image\/svg+xml;base64,PHN2ZyB3aWR0aD0iMSIgaGVpZ2h0PSIxIiB4bWxucz0iaHR0cDovL3d3dy53My5vcmcvMjAwMC9zdmciPjwvc3ZnPg==\" style=\"--smush-placeholder-width: 1024px; --smush-placeholder-aspect-ratio: 1024\/613;\" \/><\/span><\/div><\/div><\/div><\/div>\r\n\r\n<div class=\"et_pb_section_3 et_pb_section et_section_regular et_block_section\">\r\n\r\n<div class=\"et_pb_row_3 et_pb_row et_block_row\">\r\n\r\n<div class=\"et_pb_column_4 et_pb_column et_pb_column_4_4 et-last-child et_block_column et_pb_css_mix_blend_mode_passthrough\">\r\n\r\n<div class=\"et_pb_text_1 et_pb_text et_pb_bg_layout_light et_pb_module et_block_module\"><div class=\"et_pb_text_inner\"><h3 class=\"elementor-heading-title elementor-size-default fusion-responsive-typography-calculated\" data-fontsize=\"24\" data-lineheight=\"27.6px\">Nos programmes d'aide financi\u00e8re au m\u00e9rite<\/h3>\n<\/div><\/div>\r\n\r\n<div class=\"et_pb_heading_1 et_pb_heading et_pb_module et_block_module\"><div class=\"et_pb_heading_container\"><\/div><\/div><\/div><\/div>\r\n\r\n<div class=\"et_pb_row_4 et_pb_row et_pb_row_1-4_3-4 et_block_row et_block_row_1-4_3-4\">\r\n\r\n<div class=\"et_pb_column_5 et_pb_column et_pb_column_1_4 et_block_column et_pb_css_mix_blend_mode_passthrough\">\r\n\r\n<div class=\"et_pb_text_2 et_pb_text et_pb_bg_layout_light et_pb_module et_block_module preset--module--divi-text--dyn1q6g6l1\"><div class=\"et_pb_text_inner\"><h1 class=\"elementor-heading-title elementor-size-default\">Recherche et subventions<\/h1>\n<\/div><\/div><\/div>\r\n\r\n<div class=\"et_pb_column_6 et_pb_column et_pb_column_3_4 et-last-child et_block_column et_pb_css_mix_blend_mode_passthrough\">\r\n\r\n<div class=\"et_pb_text_3 et_pb_text et_pb_bg_layout_light et_pb_module et_block_module\"><div class=\"et_pb_text_inner\"><p><span>La recherche et les subventions sont essentielles pour encourager l'innovation et faire progresser les connaissances. Elles apportent un soutien financier vital aux chercheurs, leur permettant de poursuivre des \u00e9tudes novatrices et d'apporter des contributions significatives \u00e0 leur domaine.<\/span><\/p>\n<\/div><\/div><\/div><\/div>\r\n\r\n<div class=\"et_pb_row_5 et_pb_row et_pb_row_1-4_3-4 et_block_row et_block_row_1-4_3-4\">\r\n\r\n<div class=\"et_pb_column_7 et_pb_column et_pb_column_1_4 et_block_column et_pb_css_mix_blend_mode_passthrough\">\r\n\r\n<div class=\"et_pb_text_4 et_pb_text et_pb_bg_layout_light et_pb_module et_block_module\"><div class=\"et_pb_text_inner\"><h1 class=\"elementor-heading-title elementor-size-default\">Bourses d'innovation<\/h1>\n<\/div><\/div><\/div>\r\n\r\n<div class=\"et_pb_column_8 et_pb_column et_pb_column_3_4 et-last-child et_block_column et_pb_css_mix_blend_mode_passthrough\">\r\n\r\n<div class=\"et_pb_text_5 et_pb_text et_pb_bg_layout_light et_pb_module et_block_module\"><div class=\"et_pb_text_inner\"><p><span>Pour obtenir une bourse d'\u00e9tudes en innovation \u00e0 Sikatech, les candidats doivent faire preuve d'une cr\u00e9ativit\u00e9 exceptionnelle, soumettre une proposition de projet ou un portfolio pr\u00e9sentant un travail innovant, et r\u00e9pondre aux normes acad\u00e9miques et de caract\u00e8re de l'institut.<\/span><\/p>\n<\/div><\/div><\/div><\/div>\r\n\r\n<div class=\"et_pb_row_6 et_pb_row et_pb_row_1-4_3-4 et_block_row et_block_row_1-4_3-4\">\r\n\r\n<div class=\"et_pb_column_9 et_pb_column et_pb_column_1_4 et_block_column et_pb_css_mix_blend_mode_passthrough\">\r\n\r\n<div class=\"et_pb_text_6 et_pb_text et_pb_bg_layout_light et_pb_module et_block_module\"><div class=\"et_pb_text_inner\"><h1 class=\"elementor-heading-title elementor-size-default\">Bourses d'\u00e9tudes sportives<\/h1>\n<\/div><\/div><\/div>\r\n\r\n<div class=\"et_pb_column_10 et_pb_column et_pb_column_3_4 et-last-child et_block_column et_pb_css_mix_blend_mode_passthrough\">\r\n\r\n<div class=\"et_pb_text_7 et_pb_text et_pb_bg_layout_light et_pb_module et_block_module\"><div class=\"et_pb_text_inner\"><p><span>Les bourses d'\u00e9tudes sportives ouvrent des portes et apportent un soutien vital aux \u00e9tudiants-athl\u00e8tes. Ces bourses reconnaissent et r\u00e9compensent un talent, un d\u00e9vouement et un engagement exceptionnels, tant sur le terrain que dans la salle de classe.<\/span><\/p>\n<\/div><\/div><\/div><\/div>\r\n\r\n<div class=\"et_pb_row_7 et_pb_row et_pb_row_1-4_3-4 et_block_row et_block_row_1-4_3-4\">\r\n\r\n<div class=\"et_pb_column_11 et_pb_column et_pb_column_1_4 et_block_column et_pb_css_mix_blend_mode_passthrough\">\r\n\r\n<div class=\"et_pb_heading_2 et_pb_heading et_pb_module et_block_module\"><div class=\"et_pb_heading_container\"><h1 class=\"et_pb_module_header\">Bourse d'excellence financi\u00e8re<\/h1><\/div><\/div><\/div>\r\n\r\n<div class=\"et_pb_column_12 et_pb_column et_pb_column_3_4 et-last-child et_block_column et_pb_css_mix_blend_mode_passthrough\">\r\n\r\n<div class=\"et_pb_text_8 et_pb_text et_pb_bg_layout_light et_pb_module et_block_module\"><div class=\"et_pb_text_inner\"><p><span>L'acc\u00e8s \u00e0 la <\/span><strong data-start=\"14\" data-end=\"50\">Bourse d'excellence financi\u00e8re<\/strong><span> est g\u00e9n\u00e9ralement ouvert aux personnes qui font preuve d'une grande excellence acad\u00e9mique en accord avec les valeurs du Sikatech Institute of Technology. Les candidats \u00e9ligibles sont souvent<\/span><strong data-start=\"255\" data-end=\"313\">\u00a0\u00e9tudiants actuellement inscrits<\/strong><span> qui font preuve de m\u00e9rite acad\u00e9mique et d'un engagement clair en faveur du d\u00e9veloppement personnel et professionnel. La priorit\u00e9 peut \u00eatre accord\u00e9e aux \u00e9tudiants qui ont d\u00e9montr\u00e9 des besoins financiers, un potentiel de leadership ou une excellence dans les domaines de la finance, de la technologie ou des \u00e9tudes commerciales, ainsi qu'\u00e0 ceux qui respectent les normes \u00e9thiques et contribuent activement \u00e0 la communaut\u00e9 d'apprentissage de Sikatech.<\/span><\/p>\n<\/div><\/div><\/div><\/div>\r\n\r\n<div class=\"et_pb_row_8 et_pb_row et_block_row\">\r\n\r\n<div class=\"et_pb_column_13 et_pb_column et_pb_column_4_4 et-last-child et_block_column et_pb_css_mix_blend_mode_passthrough\">\r\n\r\n<div class=\"et_pb_module et_pb_button_module_wrapper et_pb_button_0_wrapper\"><a class=\"et_pb_button_0 et_pb_button et_pb_bg_layout_dark et_pb_module et_block_module\" href=\"https:\/\/sikatech-institute.com\/fr\/my-applications\/\" data-icon=\"Z\">Postuler<\/a><\/div><\/div><\/div><\/div>","protected":false},"excerpt":{"rendered":"","protected":false},"author":8,"featured_media":0,"parent":0,"menu_order":0,"comment_status":"closed","ping_status":"closed","template":"","meta":{"_et_pb_use_builder":"on","_et_pb_old_content":"","_et_gb_content_width":"","footnotes":""},"class_list":["post-149","page","type-page","status-publish","hentry"],"_links":{"self":[{"href":"https:\/\/sikatech-institute.com\/fr\/wp-json\/wp\/v2\/pages\/149","targetHints":{"allow":["GET"]}}],"collection":[{"href":"https:\/\/sikatech-institute.com\/fr\/wp-json\/wp\/v2\/pages"}],"about":[{"href":"https:\/\/sikatech-institute.com\/fr\/wp-json\/wp\/v2\/types\/page"}],"author":[{"embeddable":true,"href":"https:\/\/sikatech-institute.com\/fr\/wp-json\/wp\/v2\/users\/8"}],"replies":[{"embeddable":true,"href":"https:\/\/sikatech-institute.com\/fr\/wp-json\/wp\/v2\/comments?post=149"}],"version-history":[{"count":5,"href":"https:\/\/sikatech-institute.com\/fr\/wp-json\/wp\/v2\/pages\/149\/revisions"}],"predecessor-version":[{"id":238569,"href":"https:\/\/sikatech-institute.com\/fr\/wp-json\/wp\/v2\/pages\/149\/revisions\/238569"}],"wp:attachment":[{"href":"https:\/\/sikatech-institute.com\/fr\/wp-json\/wp\/v2\/media?parent=149"}],"curies":[{"name":"wp","href":"https:\/\/api.w.org\/{rel}","templated":true}]}}