{"id":133,"date":"2025-08-11T20:50:49","date_gmt":"2025-08-12T00:50:49","guid":{"rendered":"https:\/\/sikatech-institute.com\/?page_id=133"},"modified":"2026-01-20T17:21:38","modified_gmt":"2026-01-20T22:21:38","slug":"civil-engineering","status":"publish","type":"page","link":"https:\/\/sikatech-institute.com\/fr\/civil-engineering\/","title":{"rendered":"G\u00e9nie civil"},"content":{"rendered":"<div class=\"et_pb_section_0 et_pb_section et_section_regular et_block_section\"><\/div>\r\n\r\n<div class=\"et_pb_section_1 et_pb_section et_section_regular et_flex_section\"><\/div>\r\n\r\n<div class=\"et_pb_section_2 et_pb_section et_section_regular et_flex_section\">\r\n\r\n<div class=\"et_pb_row_0 et_pb_row et_flex_row\">\r\n\r\n<div class=\"et_pb_column_0 et_pb_column et-last-child et_flex_column et_pb_css_mix_blend_mode_passthrough et_flex_column_24_24 et_flex_column_24_24_tablet et_flex_column_24_24_phone\">\r\n\r\n<div class=\"et_pb_heading_0 et_pb_heading et_pb_module et_flex_module\"><div class=\"et_pb_heading_container\"><h1 class=\"et_pb_module_header\">Facult\u00e9 d'ing\u00e9nierie<\/h1><\/div><\/div><\/div><\/div><\/div>\r\n\r\n<div class=\"et_pb_section_3 et_pb_section et_section_regular et_flex_section\">\r\n\r\n<div class=\"et_pb_row_1 et_pb_row et_flex_row\">\r\n\r\n<div class=\"et_pb_column_1 et_pb_column et_flex_column et_pb_css_mix_blend_mode_passthrough et_flex_column_12_24 et_flex_column_12_24_tablet et_flex_column_24_24_phone\">\r\n\r\n<div class=\"et_pb_text_0 et_pb_text et_pb_bg_layout_light et_pb_module et_flex_module\"><div class=\"et_pb_text_inner\" data-et-mv-hidden-phone=\"true\"><h3 data-fontsize=\"24\" data-lineheight=\"27.6px\" class=\"fusion-responsive-typography-calculated\">Le d\u00e9partement d'ing\u00e9nierie propose les 4 programmes majeurs suivants :<\/h3>\n<p>&nbsp;<\/p>\n<ul>\n<li>G\u00e9nie civil<\/li>\n<li>Ing\u00e9nierie informatique<\/li>\n<li>G\u00e9nie \u00e9lectrique<\/li>\n<li>Ing\u00e9nierie m\u00e9canique et de production<\/li>\n<\/ul>\n<p><span><strong>Ce programme propose des dipl\u00f4mes HND et BSc. en g\u00e9nie civil.<\/strong>.<\/span><\/p>\n<\/div><\/div><\/div>\r\n\r\n<div class=\"et_pb_column_2 et_pb_column et-last-child et_flex_column et_pb_css_mix_blend_mode_passthrough et_flex_column_12_24 et_flex_column_12_24_tablet et_flex_column_24_24_phone\">\r\n\r\n<div class=\"et_pb_text_1 et_pb_text et_pb_bg_layout_light et_pb_module et_flex_module\"><div class=\"et_pb_text_inner\"><p><span>La licence en g\u00e9nie civil dote les \u00e9tudiants des comp\u00e9tences n\u00e9cessaires pour concevoir, construire et entretenir des infrastructures essentielles telles que les routes, les ponts et les b\u00e2timents. Ce programme combine des connaissances pratiques et th\u00e9oriques, pr\u00e9parant les dipl\u00f4m\u00e9s \u00e0 des carri\u00e8res tr\u00e8s demand\u00e9es dans les secteurs public et priv\u00e9. Les \u00e9tudiants acqui\u00e8rent une exp\u00e9rience pratique de l'analyse structurelle, des syst\u00e8mes environnementaux et de la gestion de projet. Ce domaine offre une grande stabilit\u00e9 d'emploi et la possibilit\u00e9 d'avoir un impact durable sur la soci\u00e9t\u00e9. Les ing\u00e9nieurs civils jouent un r\u00f4le essentiel en fa\u00e7onnant l'avenir du d\u00e9veloppement urbain et rural dans le monde entier<\/span><\/p>\n<\/div><\/div><\/div><\/div>\r\n\r\n<div class=\"et_pb_row_2 et_pb_row et_flex_row\">\r\n\r\n<div class=\"et_pb_column_3 et_pb_column et-last-child et_flex_column et_pb_css_mix_blend_mode_passthrough et_flex_column_24_24 et_flex_column_24_24_tablet et_flex_column_24_24_phone\">\r\n\r\n<div class=\"et_pb_module et_pb_button_module_wrapper et_pb_button_0_wrapper\"><a class=\"et_pb_button_0 et_pb_button et_pb_bg_layout_light et_pb_module et_flex_module\" href=\"\" data-icon=\"\ue001\">Postuler <\/a><\/div><\/div><\/div><\/div>\r\n\r\n<div class=\"et_pb_section_4 et_pb_section et_section_regular et_flex_section\">\r\n\r\n<div class=\"et_pb_row_3 et_pb_row et_flex_row\">\r\n\r\n<div class=\"et_pb_column_4 et_pb_column et_flex_column et_pb_css_mix_blend_mode_passthrough et_flex_column_12_24 et_flex_column_12_24_tablet et_flex_column_24_24_phone\">\r\n\r\n<div class=\"et_pb_image_0 et_pb_image et_pb_module et_flex_module\"><span class=\"et_pb_image_wrap\"><img decoding=\"async\" data-src=\"https:\/\/sikatech-institute.com\/wp-content\/uploads\/2025\/09\/WhatsApp-Image-2025-09-02-at-17.00.56-e1757535915808.jpeg\" title=\"g\u00e9nie civil\" width=\"624\" height=\"448\" data-srcset=\"https:\/\/sikatech-institute.com\/wp-content\/uploads\/2025\/09\/WhatsApp-Image-2025-09-02-at-17.00.56-e1757535915808.jpeg 624w, https:\/\/sikatech-institute.com\/wp-content\/uploads\/2025\/09\/WhatsApp-Image-2025-09-02-at-17.00.56-e1757535915808-480x345.jpeg 480w\" data-sizes=\"(min-width: 0px) and (max-width: 480px) 480px, (min-width: 481px) 624px, 100vw\" class=\"wp-image-1943 lazyload\" src=\"data:image\/svg+xml;base64,PHN2ZyB3aWR0aD0iMSIgaGVpZ2h0PSIxIiB4bWxucz0iaHR0cDovL3d3dy53My5vcmcvMjAwMC9zdmciPjwvc3ZnPg==\" style=\"--smush-placeholder-width: 624px; --smush-placeholder-aspect-ratio: 624\/448;\" \/><\/span><\/div><\/div>\r\n\r\n<div class=\"et_pb_column_5 et_pb_column et-last-child et_flex_column et_pb_css_mix_blend_mode_passthrough et_flex_column_12_24 et_flex_column_12_24_tablet et_flex_column_24_24_phone\">\r\n\r\n<div class=\"et_pb_text_2 et_pb_text et_pb_bg_layout_light et_pb_module et_flex_module\"><div class=\"et_pb_text_inner\"><p><span>Cours de g\u00e9nie civil\u00a0<\/span><\/p>\n<\/div><\/div>\r\n\r\n<div class=\"et_pb_row_4 et_pb_row et_pb_row_nested et_flex_row\">\r\n\r\n<div class=\"et_pb_column_6 et_pb_column et-last-child et_flex_column et_pb_css_mix_blend_mode_passthrough et_flex_column_24_24 et_flex_column_24_24_tablet et_flex_column_24_24_phone\">\r\n\r\n<div class=\"et_pb_code_0 et_pb_code et_pb_text_align_left-phone et_pb_module\"><div class=\"et_pb_code_inner\">\n<table id=\"tablepress-11\" class=\"tablepress tablepress-id-11\">\n<thead>\n<tr class=\"row-1\">\n\t<th class=\"column-1\">Description du cours<\/th><th class=\"column-2\">Heures de cr\u00e9dit <\/th>\n<\/tr>\n<\/thead>\n<tbody class=\"row-striping row-hover\">\n<tr class=\"row-2\">\n\t<td class=\"column-1\">Construction de b\u00e2timents<\/td><td class=\"column-2\">12 - 20<\/td>\n<\/tr>\n<tr class=\"row-3\">\n\t<td class=\"column-1\">Travaux publics<\/td><td class=\"column-2\">12 - 20<\/td>\n<\/tr>\n<tr class=\"row-4\">\n\t<td class=\"column-1\">G\u00e9otechnique appliqu\u00e9e et g\u00e9ologie<\/td><td class=\"column-2\">12 - 20<\/td>\n<\/tr>\n<tr class=\"row-5\">\n\t<td class=\"column-1\">G\u00e9om\u00e9trie <\/td><td class=\"column-2\">12 - 20<\/td>\n<\/tr>\n<tr class=\"row-6\">\n\t<td class=\"column-1\">Plomberie sanitaire et installation<\/td><td class=\"column-2\">12 - 20<\/td>\n<\/tr>\n<tr class=\"row-7\">\n\t<td class=\"column-1\">Topographie<\/td><td class=\"column-2\">12 - 20<\/td>\n<\/tr>\n<tr class=\"row-8\">\n\t<td class=\"column-1\">Charpenterie et \u00e9b\u00e9nisterie<\/td><td class=\"column-2\">12 - 20<\/td>\n<\/tr>\n<tr class=\"row-9\">\n\t<td class=\"column-1\">Urbanisme<\/td><td class=\"column-2\">12 - 20<\/td>\n<\/tr>\n<\/tbody>\n<\/table>\n<!-- #tablepress-11 from cache --><\/div><\/div><\/div><\/div><\/div><\/div>\r\n\r\n<div class=\"et_pb_row_5 et_pb_row et_flex_row\">\r\n\r\n<div class=\"et_pb_column_7 et_pb_column et-last-child et_flex_column et_pb_css_mix_blend_mode_passthrough et_flex_column_24_24 et_flex_column_24_24_tablet et_flex_column_24_24_phone\">\r\n\r\n<div class=\"et_pb_heading_1 et_pb_heading et_pb_module et_flex_module\"><div class=\"et_pb_heading_container\"><h1 class=\"et_pb_module_header\">\u00c0 propos du programme<\/h1><\/div><\/div><\/div><\/div><\/div>\r\n\r\n<div class=\"et_pb_section_5 et_pb_section et_section_regular et_flex_section\">\r\n\r\n<div class=\"et_pb_row_6 et_pb_row et_flex_row\">\r\n\r\n<div class=\"et_pb_column_8 et_pb_column et-last-child et_flex_column et_pb_css_mix_blend_mode_passthrough et_flex_column_24_24 et_flex_column_24_24_tablet et_flex_column_24_24_phone\">\r\n\r\n<div class=\"et_pb_text_3 et_pb_text et_pb_bg_layout_light et_pb_module et_flex_module\"><div class=\"et_pb_text_inner\"><p data-start=\"175\" data-end=\"629\">La licence en g\u00e9nie civil de notre \u00e9tablissement est con\u00e7ue pour doter les \u00e9tudiants de solides comp\u00e9tences techniques et pratiques en mati\u00e8re de planification, de conception et de construction d'infrastructures essentielles. Gr\u00e2ce \u00e0 un programme d'\u00e9tudes pratique et ax\u00e9 sur l'industrie, les \u00e9tudiants apprennent les principes de l'ing\u00e9nierie des structures, de la m\u00e9canique des fluides, de la topographie, de la science des mat\u00e9riaux et des syst\u00e8mes environnementaux, tout en acqu\u00e9rant une exp\u00e9rience des outils d'ing\u00e9nierie modernes et du travail sur le terrain.<\/p>\n<p data-start=\"631\" data-end=\"1082\">Ce programme pr\u00e9pare les dipl\u00f4m\u00e9s \u00e0 jouer un r\u00f4le de premier plan dans la construction de communaut\u00e9s, la gestion de projets de construction et la r\u00e9solution de probl\u00e8mes d'infrastructure dans le monde r\u00e9el. En mettant fortement l'accent sur l'apprentissage appliqu\u00e9 et la pr\u00e9paration professionnelle, notre programme de g\u00e9nie civil ouvre les portes \u00e0 des carri\u00e8res dans le gouvernement, les entreprises priv\u00e9es et le d\u00e9veloppement international, tout en fournissant une voie solide pour ceux qui poursuivent une sp\u00e9cialisation plus pouss\u00e9e ou une licence d'ing\u00e9nierie.<\/p>\n<\/div><\/div><\/div><\/div><\/div>\r\n\r\n<div class=\"et_pb_section_6 et_pb_section et_section_regular et_flex_section\">\r\n\r\n<div class=\"et_pb_row_7 et_pb_row et-vb-row--no-module et_flex_row\">\r\n\r\n<div class=\"et_pb_column_9 et_pb_column et-last-child et_flex_column et_pb_column_empty et_pb_css_mix_blend_mode_passthrough et_flex_column_24_24 et_flex_column_24_24_tablet et_flex_column_24_24_phone\"><\/div><\/div><\/div>","protected":false},"excerpt":{"rendered":"","protected":false},"author":8,"featured_media":0,"parent":0,"menu_order":0,"comment_status":"closed","ping_status":"closed","template":"","meta":{"_et_pb_use_builder":"on","_et_pb_old_content":"","_et_gb_content_width":"","footnotes":""},"class_list":["post-133","page","type-page","status-publish","hentry"],"_links":{"self":[{"href":"https:\/\/sikatech-institute.com\/fr\/wp-json\/wp\/v2\/pages\/133","targetHints":{"allow":["GET"]}}],"collection":[{"href":"https:\/\/sikatech-institute.com\/fr\/wp-json\/wp\/v2\/pages"}],"about":[{"href":"https:\/\/sikatech-institute.com\/fr\/wp-json\/wp\/v2\/types\/page"}],"author":[{"embeddable":true,"href":"https:\/\/sikatech-institute.com\/fr\/wp-json\/wp\/v2\/users\/8"}],"replies":[{"embeddable":true,"href":"https:\/\/sikatech-institute.com\/fr\/wp-json\/wp\/v2\/comments?post=133"}],"version-history":[{"count":5,"href":"https:\/\/sikatech-institute.com\/fr\/wp-json\/wp\/v2\/pages\/133\/revisions"}],"predecessor-version":[{"id":238582,"href":"https:\/\/sikatech-institute.com\/fr\/wp-json\/wp\/v2\/pages\/133\/revisions\/238582"}],"wp:attachment":[{"href":"https:\/\/sikatech-institute.com\/fr\/wp-json\/wp\/v2\/media?parent=133"}],"curies":[{"name":"wp","href":"https:\/\/api.w.org\/{rel}","templated":true}]}}